{"id":76800,"date":"2025-07-24T04:02:43","date_gmt":"2025-07-24T04:02:43","guid":{"rendered":"https:\/\/e.kosmolat.eu\/product\/helia-d-pro-active-retinola-sota-serums-50-ml\/"},"modified":"2026-05-09T01:56:22","modified_gmt":"2026-05-09T01:56:22","slug":"helia-d-pro-active-retinola-sota-serums-50-ml","status":"publish","type":"product","link":"https:\/\/e.kosmolat.eu\/lt\/produktas\/helia-d-pro-active-retinola-sota-serums-50-ml\/","title":{"rendered":"HELIA-D Pro Active serumas su retinoliu, 50 ml"},"content":{"rendered":"<p>Lengvos ir greitai \u012fsigerian\u010dios tekst\u016bros veido serumas, rekomenduojamas kasdieniam naudojimui, normaliai odai. Sud\u0117tyje yra retinolio ir glicerino, kurie dr\u0117kina od\u0105. Dermatologi\u0161kai patikrintas. Vegani\u0161ka formul\u0117. <\/p>\n<p>\u012eSP\u0116JIMAI: Tik i\u0161oriniam naudojimui.\u012esp\u0117jimas: sud\u0117tyje yra vitamino A. Prie\u0161 naudojant atsi\u017evelgti \u012f paros doz\u0119.<\/p>\n<p>NAUDOJIMAS: Prie\u0161 naudojim\u0105 i\u0161bandykite ant nedidelio odos ploto. Palaipsniui \u012ftraukite \u012f kasdien\u0119 prie\u017ei\u016br\u0105. Naudokite kiekvien\u0105 vakar\u0105 po prausimosi, tepdami ant veido ir kaklo odos. Venkite patekimo \u012f akis. Ryte tepkite krem\u0105, kurio SPF yra ne ma\u017eesnis kaip 20. Laikyti +5\u2013+25 \u00b0C temperat\u016broje.<\/p>\n","protected":false},"excerpt":{"rendered":"<p>Lengvos ir greitai \u012fsigerian\u010dios tekst\u016bros veido serumas, rekomenduojamas kasdieniam naudojimui, normaliai odai. Sud\u0117tyje yra retinolio ir glicerino, kurie dr\u0117kina od\u0105. Dermatologi\u0161kai patikrintas. Vegani\u0161ka formul\u0117. \u012eSP\u0116JIMAI: Tik i\u0161oriniam naudojimui.\u012esp\u0117jimas: sud\u0117tyje yra vitamino A. Prie\u0161 naudojant atsi\u017evelgti \u012f paros doz\u0119. NAUDOJIMAS: Prie\u0161 naudojim\u0105 i\u0161bandykite ant nedidelio odos ploto. Palaipsniui \u012ftraukite \u012f kasdien\u0119 prie\u017ei\u016br\u0105. Naudokite kiekvien\u0105 vakar\u0105 po [&#8230;]\n","protected":false},"featured_media":95818,"template":"","meta":[],"product_cat":[1327],"product_tag":[],"class_list":{"0":"post-76800","1":"product","2":"type-product","3":"status-publish","4":"has-post-thumbnail","6":"product_brand-heliad_hu-lt","7":"product_cat-serumai","9":"first","10":"instock","11":"taxable","12":"shipping-taxable","13":"product-type-simple"},"_links":{"self":[{"href":"https:\/\/e.kosmolat.eu\/lt\/wp-json\/wp\/v2\/product\/76800","targetHints":{"allow":["GET"]}}],"collection":[{"href":"https:\/\/e.kosmolat.eu\/lt\/wp-json\/wp\/v2\/product"}],"about":[{"href":"https:\/\/e.kosmolat.eu\/lt\/wp-json\/wp\/v2\/types\/product"}],"wp:featuredmedia":[{"embeddable":true,"href":"https:\/\/e.kosmolat.eu\/lt\/wp-json\/wp\/v2\/media\/95818"}],"wp:attachment":[{"href":"https:\/\/e.kosmolat.eu\/lt\/wp-json\/wp\/v2\/media?parent=76800"}],"wp:term":[{"taxonomy":"product_cat","embeddable":true,"href":"https:\/\/e.kosmolat.eu\/lt\/wp-json\/wp\/v2\/product_cat?post=76800"},{"taxonomy":"product_tag","embeddable":true,"href":"https:\/\/e.kosmolat.eu\/lt\/wp-json\/wp\/v2\/product_tag?post=76800"}],"curies":[{"name":"wp","href":"https:\/\/api.w.org\/{rel}","templated":true}]}}