{"id":76792,"date":"2025-07-24T04:02:25","date_gmt":"2025-07-24T04:02:25","guid":{"rendered":"https:\/\/e.kosmolat.eu\/product\/helia-d-pro-active-retinola-sejas-krems-50-ml\/"},"modified":"2026-05-09T01:56:08","modified_gmt":"2026-05-09T01:56:08","slug":"helia-d-pro-active-retinola-sejas-krems-50-ml","status":"publish","type":"product","link":"https:\/\/e.kosmolat.eu\/lt\/produktas\/helia-d-pro-active-retinola-sejas-krems-50-ml\/","title":{"rendered":"HELIA-D Pro Active Retinolio veido kremas, 50 ml"},"content":{"rendered":"<p>Greitai \u012fsigerian\u010dios tekst\u016bros veido kremas, rekomenduojamas kasdieniam naudojimui, normaliai odai. Sud\u0117tyje yra retinolio, glicerino ir alantoino, kurie dr\u0117kina od\u0105. Dermatologi\u0161kai patikrintas. Vegani\u0161ka formul\u0117. <\/p>\n<p>\u012eSP\u0116JIMAI: Tik i\u0161oriniam naudojimui. \u012esp\u0117jimas: sud\u0117tyje yra vitamino A. Prie\u0161 naudojant atsi\u017evelgti \u012f paros doz\u0119.Dermatologi\u0161kai patikrinta. Vegani\u0161ka formul\u0117. <\/p>\n<p>NAUDOJIMAS: Kasdien nuval\u0119 od\u0105, tepkite krem\u0105 ant veido ir kaklo, \u0161velniai masa\u017euodami. Venkite patekimo \u012f akis. Laikyti +5\u2013+25 \u00b0C temperat\u016broje.<\/p>\n","protected":false},"excerpt":{"rendered":"<p>Greitai \u012fsigerian\u010dios tekst\u016bros veido kremas, rekomenduojamas kasdieniam naudojimui, normaliai odai. Sud\u0117tyje yra retinolio, glicerino ir alantoino, kurie dr\u0117kina od\u0105. Dermatologi\u0161kai patikrintas. Vegani\u0161ka formul\u0117. \u012eSP\u0116JIMAI: Tik i\u0161oriniam naudojimui. \u012esp\u0117jimas: sud\u0117tyje yra vitamino A. Prie\u0161 naudojant atsi\u017evelgti \u012f paros doz\u0119.Dermatologi\u0161kai patikrinta. Vegani\u0161ka formul\u0117. NAUDOJIMAS: Kasdien nuval\u0119 od\u0105, tepkite krem\u0105 ant veido ir kaklo, \u0161velniai masa\u017euodami. Venkite patekimo [&#8230;]\n","protected":false},"featured_media":95814,"template":"","meta":[],"product_cat":[1322],"product_tag":[],"class_list":{"0":"post-76792","1":"product","2":"type-product","3":"status-publish","4":"has-post-thumbnail","6":"product_brand-heliad_hu-lt","7":"product_cat-veido-kremai","9":"first","10":"instock","11":"taxable","12":"shipping-taxable","13":"product-type-simple"},"_links":{"self":[{"href":"https:\/\/e.kosmolat.eu\/lt\/wp-json\/wp\/v2\/product\/76792","targetHints":{"allow":["GET"]}}],"collection":[{"href":"https:\/\/e.kosmolat.eu\/lt\/wp-json\/wp\/v2\/product"}],"about":[{"href":"https:\/\/e.kosmolat.eu\/lt\/wp-json\/wp\/v2\/types\/product"}],"wp:featuredmedia":[{"embeddable":true,"href":"https:\/\/e.kosmolat.eu\/lt\/wp-json\/wp\/v2\/media\/95814"}],"wp:attachment":[{"href":"https:\/\/e.kosmolat.eu\/lt\/wp-json\/wp\/v2\/media?parent=76792"}],"wp:term":[{"taxonomy":"product_cat","embeddable":true,"href":"https:\/\/e.kosmolat.eu\/lt\/wp-json\/wp\/v2\/product_cat?post=76792"},{"taxonomy":"product_tag","embeddable":true,"href":"https:\/\/e.kosmolat.eu\/lt\/wp-json\/wp\/v2\/product_tag?post=76792"}],"curies":[{"name":"wp","href":"https:\/\/api.w.org\/{rel}","templated":true}]}}