{"id":76784,"date":"2025-07-24T04:02:06","date_gmt":"2025-07-24T04:02:06","guid":{"rendered":"https:\/\/e.kosmolat.eu\/product\/helia-d-pro-active-hialuronsk-serums-adai-ap-acim-15-ml\/"},"modified":"2026-05-09T01:55:55","modified_gmt":"2026-05-09T01:55:55","slug":"helia-d-pro-active-hialuronsk-serums-adai-ap-acim-15-ml","status":"publish","type":"product","link":"https:\/\/e.kosmolat.eu\/lt\/produktas\/helia-d-pro-active-hialuronsk-serums-adai-ap-acim-15-ml\/","title":{"rendered":"HELIA-D Pro Active paaki\u0173 serumas su hialurono r\u016bg\u0161timi, 15 ml"},"content":{"rendered":"<p>Lengvos ir greitai \u012fsigerian\u010dios formul\u0117s paaki\u0173 serumas, rekomenduojamas kasdieniam naudojimui, tinka visiems odos tipams. Efektyvus didel\u0117s molekulin\u0117s mas\u0117s hialurono r\u016bg\u0161ties ir glicerino derinys padeda dr\u0117kinti ir mink\u0161tinti od\u0105. Rutulinis aplikatorius gaivina ir stimuliuoja od\u0105 aplink akis.Dermatologi\u0161kai patikrinta. Vegani\u0161ka formul\u0117. <\/p>\n<p>NAUDOJIMAS: Kasdien nuval\u0119 od\u0105, tepkite krem\u0105 ant veido ir kaklo, \u0161velniai masa\u017euodami. Venkite patekimo \u012f akis. Laikyti +5\u2013+25 \u00b0C temperat\u016broje.<\/p>\n","protected":false},"excerpt":{"rendered":"<p>Lengvos ir greitai \u012fsigerian\u010dios formul\u0117s paaki\u0173 serumas, rekomenduojamas kasdieniam naudojimui, tinka visiems odos tipams. Efektyvus didel\u0117s molekulin\u0117s mas\u0117s hialurono r\u016bg\u0161ties ir glicerino derinys padeda dr\u0117kinti ir mink\u0161tinti od\u0105. Rutulinis aplikatorius gaivina ir stimuliuoja od\u0105 aplink akis.Dermatologi\u0161kai patikrinta. Vegani\u0161ka formul\u0117. NAUDOJIMAS: Kasdien nuval\u0119 od\u0105, tepkite krem\u0105 ant veido ir kaklo, \u0161velniai masa\u017euodami. Venkite patekimo \u012f akis. [&#8230;]\n","protected":false},"featured_media":95810,"template":"","meta":[],"product_cat":[1590],"product_tag":[],"class_list":{"0":"post-76784","1":"product","2":"type-product","3":"status-publish","4":"has-post-thumbnail","6":"product_brand-heliad_hu-lt","7":"product_cat-paakiu-kremai","9":"first","10":"instock","11":"taxable","12":"shipping-taxable","13":"product-type-simple"},"_links":{"self":[{"href":"https:\/\/e.kosmolat.eu\/lt\/wp-json\/wp\/v2\/product\/76784","targetHints":{"allow":["GET"]}}],"collection":[{"href":"https:\/\/e.kosmolat.eu\/lt\/wp-json\/wp\/v2\/product"}],"about":[{"href":"https:\/\/e.kosmolat.eu\/lt\/wp-json\/wp\/v2\/types\/product"}],"wp:featuredmedia":[{"embeddable":true,"href":"https:\/\/e.kosmolat.eu\/lt\/wp-json\/wp\/v2\/media\/95810"}],"wp:attachment":[{"href":"https:\/\/e.kosmolat.eu\/lt\/wp-json\/wp\/v2\/media?parent=76784"}],"wp:term":[{"taxonomy":"product_cat","embeddable":true,"href":"https:\/\/e.kosmolat.eu\/lt\/wp-json\/wp\/v2\/product_cat?post=76784"},{"taxonomy":"product_tag","embeddable":true,"href":"https:\/\/e.kosmolat.eu\/lt\/wp-json\/wp\/v2\/product_tag?post=76784"}],"curies":[{"name":"wp","href":"https:\/\/api.w.org\/{rel}","templated":true}]}}