{"id":76776,"date":"2025-07-24T04:01:46","date_gmt":"2025-07-24T04:01:46","guid":{"rendered":"https:\/\/e.kosmolat.eu\/product\/helia-d-pro-active-hialuronskabes-sota-serums-50-ml\/"},"modified":"2026-05-09T01:55:39","modified_gmt":"2026-05-09T01:55:39","slug":"helia-d-pro-active-hialuronskabes-sota-serums-50-ml","status":"publish","type":"product","link":"https:\/\/e.kosmolat.eu\/lt\/produktas\/helia-d-pro-active-hialuronskabes-sota-serums-50-ml\/","title":{"rendered":"HELIA-D Pro Active serumas su hialurono r\u016bg\u0161timi, 50 ml"},"content":{"rendered":"<p>Serumas yra lengvos tekst\u016bros ir greitai \u012fsigeria, rekomenduojamas kasdieniam naudojimui, tinka visiems odos tipams. Efektyvus didel\u0117s molekulin\u0117s mas\u0117s hialurono r\u016bg\u0161ties ir glicerino derinys skatina ideal\u0173 odos dr\u0117kinim\u0105 ir \u0161velnum\u0105.Dermatologi\u0161kai patikrinta. Vegani\u0161ka formul\u0117. <\/p>\n<p>NAUDOJIMAS: Kasdien nuval\u0119 od\u0105, tepkite krem\u0105 ant veido ir kaklo, \u0161velniai masa\u017euodami. Venkite patekimo \u012f akis.<\/p>\n","protected":false},"excerpt":{"rendered":"<p>Serumas yra lengvos tekst\u016bros ir greitai \u012fsigeria, rekomenduojamas kasdieniam naudojimui, tinka visiems odos tipams. Efektyvus didel\u0117s molekulin\u0117s mas\u0117s hialurono r\u016bg\u0161ties ir glicerino derinys skatina ideal\u0173 odos dr\u0117kinim\u0105 ir \u0161velnum\u0105.Dermatologi\u0161kai patikrinta. Vegani\u0161ka formul\u0117. NAUDOJIMAS: Kasdien nuval\u0119 od\u0105, tepkite krem\u0105 ant veido ir kaklo, \u0161velniai masa\u017euodami. Venkite patekimo \u012f akis.<\/p>\n","protected":false},"featured_media":95806,"template":"","meta":[],"product_cat":[1327],"product_tag":[],"class_list":{"0":"post-76776","1":"product","2":"type-product","3":"status-publish","4":"has-post-thumbnail","6":"product_brand-heliad_hu-lt","7":"product_cat-serumai","9":"first","10":"instock","11":"taxable","12":"shipping-taxable","13":"product-type-simple"},"_links":{"self":[{"href":"https:\/\/e.kosmolat.eu\/lt\/wp-json\/wp\/v2\/product\/76776","targetHints":{"allow":["GET"]}}],"collection":[{"href":"https:\/\/e.kosmolat.eu\/lt\/wp-json\/wp\/v2\/product"}],"about":[{"href":"https:\/\/e.kosmolat.eu\/lt\/wp-json\/wp\/v2\/types\/product"}],"wp:featuredmedia":[{"embeddable":true,"href":"https:\/\/e.kosmolat.eu\/lt\/wp-json\/wp\/v2\/media\/95806"}],"wp:attachment":[{"href":"https:\/\/e.kosmolat.eu\/lt\/wp-json\/wp\/v2\/media?parent=76776"}],"wp:term":[{"taxonomy":"product_cat","embeddable":true,"href":"https:\/\/e.kosmolat.eu\/lt\/wp-json\/wp\/v2\/product_cat?post=76776"},{"taxonomy":"product_tag","embeddable":true,"href":"https:\/\/e.kosmolat.eu\/lt\/wp-json\/wp\/v2\/product_tag?post=76776"}],"curies":[{"name":"wp","href":"https:\/\/api.w.org\/{rel}","templated":true}]}}