{"id":76760,"date":"2025-07-24T04:01:13","date_gmt":"2025-07-24T04:01:13","guid":{"rendered":"https:\/\/e.kosmolat.eu\/product\/topface-focus-point-skropstu-tusa-12-ml\/"},"modified":"2026-04-20T05:59:44","modified_gmt":"2026-04-20T05:59:44","slug":"topface-focus-point-skropstu-tusa-12-ml","status":"publish","type":"product","link":"https:\/\/e.kosmolat.eu\/lt\/produktas\/topface-focus-point-skropstu-tusa-12-ml\/","title":{"rendered":"TOPFACE \u201eFocus Point\u201c apimties suteikiantis blakstien\u0173 tu\u0161as, 12 ml"},"content":{"rendered":"<p>D\u0117l specialaus \u0161epet\u0117lio ir jo formul\u0117s tu\u0161as suteikia blakstienoms apimties, ilgio ir riestumo. Kremin\u0117 tekst\u016bra lengvai tepasi ir nesudaro gumul\u0117li\u0173. Tinka jautrioms akims ir ne\u0161iojantiems kontaktinius l\u0119\u0161ius. I\u0161rai\u0161kingesniam efektui tepkite dviem sluoksniais. Dermatologi\u0161kai patikrinta.<\/p>\n<p>Tik i\u0161oriniam naudojimui. Laikyti 20\u201325 \u00b0C temperat\u016broje, toliau nuo tiesiogini\u0173 saul\u0117s spinduli\u0173. Laikyti vaikams nepasiekiamoje vietoje.<\/p>\n","protected":false},"excerpt":{"rendered":"<p>D\u0117l specialaus \u0161epet\u0117lio ir jo formul\u0117s tu\u0161as suteikia blakstienoms apimties, ilgio ir riestumo. Kremin\u0117 tekst\u016bra lengvai tepasi ir nesudaro gumul\u0117li\u0173. Tinka jautrioms akims ir ne\u0161iojantiems kontaktinius l\u0119\u0161ius. I\u0161rai\u0161kingesniam efektui tepkite dviem sluoksniais. Dermatologi\u0161kai patikrinta. Tik i\u0161oriniam naudojimui. Laikyti 20\u201325 \u00b0C temperat\u016broje, toliau nuo tiesiogini\u0173 saul\u0117s spinduli\u0173. Laikyti vaikams nepasiekiamoje vietoje.<\/p>\n","protected":false},"featured_media":95174,"template":"","meta":[],"product_cat":[1382],"product_tag":[],"class_list":{"0":"post-76760","1":"product","2":"type-product","3":"status-publish","4":"has-post-thumbnail","6":"product_brand-top-face-tr-lt","7":"product_cat-tusai","9":"first","10":"instock","11":"taxable","12":"shipping-taxable","13":"product-type-simple"},"_links":{"self":[{"href":"https:\/\/e.kosmolat.eu\/lt\/wp-json\/wp\/v2\/product\/76760","targetHints":{"allow":["GET"]}}],"collection":[{"href":"https:\/\/e.kosmolat.eu\/lt\/wp-json\/wp\/v2\/product"}],"about":[{"href":"https:\/\/e.kosmolat.eu\/lt\/wp-json\/wp\/v2\/types\/product"}],"wp:featuredmedia":[{"embeddable":true,"href":"https:\/\/e.kosmolat.eu\/lt\/wp-json\/wp\/v2\/media\/95174"}],"wp:attachment":[{"href":"https:\/\/e.kosmolat.eu\/lt\/wp-json\/wp\/v2\/media?parent=76760"}],"wp:term":[{"taxonomy":"product_cat","embeddable":true,"href":"https:\/\/e.kosmolat.eu\/lt\/wp-json\/wp\/v2\/product_cat?post=76760"},{"taxonomy":"product_tag","embeddable":true,"href":"https:\/\/e.kosmolat.eu\/lt\/wp-json\/wp\/v2\/product_tag?post=76760"}],"curies":[{"name":"wp","href":"https:\/\/api.w.org\/{rel}","templated":true}]}}