{"id":76752,"date":"2025-07-24T04:00:57","date_gmt":"2025-07-24T04:00:57","guid":{"rendered":"https:\/\/e.kosmolat.eu\/product\/topface-kontureesanas-ota-f21\/"},"modified":"2026-04-01T09:16:05","modified_gmt":"2026-04-01T09:16:05","slug":"topface-kontureesanas-ota-f21","status":"publish","type":"product","link":"https:\/\/e.kosmolat.eu\/lt\/produktas\/topface-kontureesanas-ota-f21\/","title":{"rendered":"TOPFACE kont\u016bravimo \u0161epet\u0117lis F21"},"content":{"rendered":"<p>Kont\u016bravimo \u0161epet\u0117lis su kampuota ir smail\u0117jan\u010dia forma, specialiai sukurtas tiksliam priemon\u0117s u\u017etepimui. Itin mink\u0161ti \u0161ereliai u\u017etikrina maksimali\u0105 kontrol\u0119 ir tiksl\u0173 u\u017etepim\u0105. Tinka naudoti tiek su biriais, tiek su skystais produktais. Tepkite ant skruostikauli\u0173 i\u0161kilim\u0173 sukamaisiais judesiais, kad i\u0161gautum\u0117te nat\u016bral\u0173 efekt\u0105. Sudr\u0117kinkite \u0161epet\u0117l\u012f \u0161iltu vandeniu. Nuvalykite \u0161erelius pasirinktu valikliu. Kruop\u0161\u010diai nuplaukite \u0161epet\u0117l\u012f. Nusausinkite dr\u0117gm\u0117s pertekli\u0173 \u0161variu popieriniu rank\u0161luos\u010diu.<\/p>\n","protected":false},"excerpt":{"rendered":"<p>Kont\u016bravimo \u0161epet\u0117lis su kampuota ir smail\u0117jan\u010dia forma, specialiai sukurtas tiksliam priemon\u0117s u\u017etepimui. Itin mink\u0161ti \u0161ereliai u\u017etikrina maksimali\u0105 kontrol\u0119 ir tiksl\u0173 u\u017etepim\u0105. Tinka naudoti tiek su biriais, tiek su skystais produktais. Tepkite ant skruostikauli\u0173 i\u0161kilim\u0173 sukamaisiais judesiais, kad i\u0161gautum\u0117te nat\u016bral\u0173 efekt\u0105. Sudr\u0117kinkite \u0161epet\u0117l\u012f \u0161iltu vandeniu. Nuvalykite \u0161erelius pasirinktu valikliu. Kruop\u0161\u010diai nuplaukite \u0161epet\u0117l\u012f. Nusausinkite dr\u0117gm\u0117s pertekli\u0173 \u0161variu [&#8230;]\n","protected":false},"featured_media":95650,"template":"","meta":[],"product_cat":[1548],"product_tag":[],"class_list":{"0":"post-76752","1":"product","2":"type-product","3":"status-publish","4":"has-post-thumbnail","6":"product_brand-top-face-tr-lt","7":"product_cat-teptukai","9":"first","10":"outofstock","11":"taxable","12":"shipping-taxable","13":"product-type-simple"},"_links":{"self":[{"href":"https:\/\/e.kosmolat.eu\/lt\/wp-json\/wp\/v2\/product\/76752","targetHints":{"allow":["GET"]}}],"collection":[{"href":"https:\/\/e.kosmolat.eu\/lt\/wp-json\/wp\/v2\/product"}],"about":[{"href":"https:\/\/e.kosmolat.eu\/lt\/wp-json\/wp\/v2\/types\/product"}],"wp:featuredmedia":[{"embeddable":true,"href":"https:\/\/e.kosmolat.eu\/lt\/wp-json\/wp\/v2\/media\/95650"}],"wp:attachment":[{"href":"https:\/\/e.kosmolat.eu\/lt\/wp-json\/wp\/v2\/media?parent=76752"}],"wp:term":[{"taxonomy":"product_cat","embeddable":true,"href":"https:\/\/e.kosmolat.eu\/lt\/wp-json\/wp\/v2\/product_cat?post=76752"},{"taxonomy":"product_tag","embeddable":true,"href":"https:\/\/e.kosmolat.eu\/lt\/wp-json\/wp\/v2\/product_tag?post=76752"}],"curies":[{"name":"wp","href":"https:\/\/api.w.org\/{rel}","templated":true}]}}