{"id":76744,"date":"2025-07-24T04:00:40","date_gmt":"2025-07-24T04:00:40","guid":{"rendered":"https:\/\/e.kosmolat.eu\/product\/topface-uzacu-ota-ar-birstiti-f18\/"},"modified":"2025-09-20T08:15:02","modified_gmt":"2025-09-20T08:15:02","slug":"topface-uzacu-ota-ar-birstiti-f18","status":"publish","type":"product","link":"https:\/\/e.kosmolat.eu\/lt\/produktas\/topface-uzacu-ota-ar-birstiti-f18\/","title":{"rendered":"TOPFACE antaki\u0173 \u0161epet\u0117lis su \u0161epet\u0117liu F18"},"content":{"rendered":"<p>\u0160is dvipusis antaki\u0173 \u0161epet\u0117lis specialiai sukurtas formuoti ir pary\u0161kinti antakius. Kampuota \u0161epet\u0117lio pus\u0117 leid\u017eia u\u017etepti bet koki\u0105 priemon\u0119, o kita pus\u0117 skirta antaki\u0173 formavimui ir \u0161ukavimui.<\/p>\n<p>\u0160lapinkite \u0161epet\u0117l\u012f \u0161iltu vandeniu. Nuvalykite \u0161erelius pasirinktu valikliu. Kruop\u0161\u010diai nuplaukite \u0161epet\u0117l\u012f. Nusausinkite dr\u0117gm\u0117s pertekli\u0173 \u0161variu popieriniu rank\u0161luos\u010diu.<\/p>\n","protected":false},"excerpt":{"rendered":"<p>\u0160is dvipusis antaki\u0173 \u0161epet\u0117lis specialiai sukurtas formuoti ir pary\u0161kinti antakius. Kampuota \u0161epet\u0117lio pus\u0117 leid\u017eia u\u017etepti bet koki\u0105 priemon\u0119, o kita pus\u0117 skirta antaki\u0173 formavimui ir \u0161ukavimui. \u0160lapinkite \u0161epet\u0117l\u012f \u0161iltu vandeniu. Nuvalykite \u0161erelius pasirinktu valikliu. Kruop\u0161\u010diai nuplaukite \u0161epet\u0117l\u012f. Nusausinkite dr\u0117gm\u0117s pertekli\u0173 \u0161variu popieriniu rank\u0161luos\u010diu.<\/p>\n","protected":false},"featured_media":95646,"template":"","meta":[],"product_cat":[1548],"product_tag":[],"class_list":{"0":"post-76744","1":"product","2":"type-product","3":"status-publish","4":"has-post-thumbnail","6":"product_brand-top-face-tr-lt","7":"product_cat-teptukai","9":"first","10":"instock","11":"taxable","12":"shipping-taxable","13":"product-type-simple"},"_links":{"self":[{"href":"https:\/\/e.kosmolat.eu\/lt\/wp-json\/wp\/v2\/product\/76744","targetHints":{"allow":["GET"]}}],"collection":[{"href":"https:\/\/e.kosmolat.eu\/lt\/wp-json\/wp\/v2\/product"}],"about":[{"href":"https:\/\/e.kosmolat.eu\/lt\/wp-json\/wp\/v2\/types\/product"}],"wp:featuredmedia":[{"embeddable":true,"href":"https:\/\/e.kosmolat.eu\/lt\/wp-json\/wp\/v2\/media\/95646"}],"wp:attachment":[{"href":"https:\/\/e.kosmolat.eu\/lt\/wp-json\/wp\/v2\/media?parent=76744"}],"wp:term":[{"taxonomy":"product_cat","embeddable":true,"href":"https:\/\/e.kosmolat.eu\/lt\/wp-json\/wp\/v2\/product_cat?post=76744"},{"taxonomy":"product_tag","embeddable":true,"href":"https:\/\/e.kosmolat.eu\/lt\/wp-json\/wp\/v2\/product_tag?post=76744"}],"curies":[{"name":"wp","href":"https:\/\/api.w.org\/{rel}","templated":true}]}}