{"id":76736,"date":"2025-07-24T04:00:23","date_gmt":"2025-07-24T04:00:23","guid":{"rendered":"https:\/\/e.kosmolat.eu\/product\/topface-izpludinsaanas-ota-f14\/"},"modified":"2026-04-01T09:15:14","modified_gmt":"2026-04-01T09:15:14","slug":"topface-izpludinsaanas-ota-f14","status":"publish","type":"product","link":"https:\/\/e.kosmolat.eu\/lt\/produktas\/topface-izpludinsaanas-ota-f14\/","title":{"rendered":"TOPFACE precizinis \u0161e\u0161\u0117li\u0173 teptukas F14"},"content":{"rendered":"<p>Trumpi, tank\u016bs \u0161ereliai \u2013 puikus \u0161epet\u0117lis aki\u0173 makia\u017eui. Patogu tepti aki\u0173 \u0161e\u0161\u0117lius palei blakstien\u0173 linij\u0105, vidiniame aki\u0173 kamputyje ir \u0161e\u0161\u0117liavimui. Sudr\u0117kinkite \u0161epet\u0117l\u012f \u0161iltu vandeniu. \u0160erelius nuvalykite pasirinktu plovikliu. Kruop\u0161\u010diai nuplaukite \u0161epet\u0117l\u012f. \u0160variu popieriniu rank\u0161luos\u010diu nuspauskite dr\u0117gm\u0117s pertekli\u0173.<\/p>\n","protected":false},"excerpt":{"rendered":"<p>Trumpi, tank\u016bs \u0161ereliai \u2013 puikus \u0161epet\u0117lis aki\u0173 makia\u017eui. Patogu tepti aki\u0173 \u0161e\u0161\u0117lius palei blakstien\u0173 linij\u0105, vidiniame aki\u0173 kamputyje ir \u0161e\u0161\u0117liavimui. Sudr\u0117kinkite \u0161epet\u0117l\u012f \u0161iltu vandeniu. \u0160erelius nuvalykite pasirinktu plovikliu. Kruop\u0161\u010diai nuplaukite \u0161epet\u0117l\u012f. \u0160variu popieriniu rank\u0161luos\u010diu nuspauskite dr\u0117gm\u0117s pertekli\u0173.<\/p>\n","protected":false},"featured_media":95630,"template":"","meta":[],"product_cat":[1548],"product_tag":[],"class_list":{"0":"post-76736","1":"product","2":"type-product","3":"status-publish","4":"has-post-thumbnail","6":"product_brand-top-face-tr-lt","7":"product_cat-teptukai","9":"first","10":"outofstock","11":"taxable","12":"shipping-taxable","13":"product-type-simple"},"_links":{"self":[{"href":"https:\/\/e.kosmolat.eu\/lt\/wp-json\/wp\/v2\/product\/76736","targetHints":{"allow":["GET"]}}],"collection":[{"href":"https:\/\/e.kosmolat.eu\/lt\/wp-json\/wp\/v2\/product"}],"about":[{"href":"https:\/\/e.kosmolat.eu\/lt\/wp-json\/wp\/v2\/types\/product"}],"wp:featuredmedia":[{"embeddable":true,"href":"https:\/\/e.kosmolat.eu\/lt\/wp-json\/wp\/v2\/media\/95630"}],"wp:attachment":[{"href":"https:\/\/e.kosmolat.eu\/lt\/wp-json\/wp\/v2\/media?parent=76736"}],"wp:term":[{"taxonomy":"product_cat","embeddable":true,"href":"https:\/\/e.kosmolat.eu\/lt\/wp-json\/wp\/v2\/product_cat?post=76736"},{"taxonomy":"product_tag","embeddable":true,"href":"https:\/\/e.kosmolat.eu\/lt\/wp-json\/wp\/v2\/product_tag?post=76736"}],"curies":[{"name":"wp","href":"https:\/\/api.w.org\/{rel}","templated":true}]}}