{"id":76723,"date":"2025-07-23T04:11:10","date_gmt":"2025-07-23T04:11:10","guid":{"rendered":"https:\/\/e.kosmolat.eu\/product\/topface-ota-acu-enu-uzklasanai-f11\/"},"modified":"2026-03-31T21:36:01","modified_gmt":"2026-03-31T21:36:01","slug":"topface-ota-acu-enu-uzklasanai-f11","status":"publish","type":"product","link":"https:\/\/e.kosmolat.eu\/lt\/produktas\/topface-ota-acu-enu-uzklasanai-f11\/","title":{"rendered":"TOPFACE aki\u0173 \u0161e\u0161\u0117li\u0173 teptukas F11"},"content":{"rendered":"<p>Plok\u0161\u010dia \u0161epet\u0117lio forma ir trumpi \u0161ereliai skirti baziniam tonui u\u017etepti ir \u0161e\u0161\u0117liams u\u017etepti ant vir\u0161utinio voko. \u0160epet\u0117l\u012f galima naudoti kremin\u0117ms ir pudros priemon\u0117ms tepti. Sudr\u0117kinkite \u0161epet\u0117l\u012f \u0161iltu vandeniu. \u0160erelius nuvalykite pasirinktu prausikliu. Kruop\u0161\u010diai nuplaukite \u0161epet\u0117l\u012f. \u0160variu popieriniu rank\u0161luos\u010diu nuspauskite dr\u0117gm\u0117s pertekli\u0173.<\/p>\n","protected":false},"excerpt":{"rendered":"<p>Plok\u0161\u010dia \u0161epet\u0117lio forma ir trumpi \u0161ereliai skirti baziniam tonui u\u017etepti ir \u0161e\u0161\u0117liams u\u017etepti ant vir\u0161utinio voko. \u0160epet\u0117l\u012f galima naudoti kremin\u0117ms ir pudros priemon\u0117ms tepti. Sudr\u0117kinkite \u0161epet\u0117l\u012f \u0161iltu vandeniu. \u0160erelius nuvalykite pasirinktu prausikliu. Kruop\u0161\u010diai nuplaukite \u0161epet\u0117l\u012f. \u0160variu popieriniu rank\u0161luos\u010diu nuspauskite dr\u0117gm\u0117s pertekli\u0173.<\/p>\n","protected":false},"featured_media":95626,"template":"","meta":[],"product_cat":[1548],"product_tag":[],"class_list":{"0":"post-76723","1":"product","2":"type-product","3":"status-publish","4":"has-post-thumbnail","6":"product_brand-top-face-tr-lt","7":"product_cat-teptukai","9":"first","10":"outofstock","11":"taxable","12":"shipping-taxable","13":"product-type-simple"},"_links":{"self":[{"href":"https:\/\/e.kosmolat.eu\/lt\/wp-json\/wp\/v2\/product\/76723","targetHints":{"allow":["GET"]}}],"collection":[{"href":"https:\/\/e.kosmolat.eu\/lt\/wp-json\/wp\/v2\/product"}],"about":[{"href":"https:\/\/e.kosmolat.eu\/lt\/wp-json\/wp\/v2\/types\/product"}],"wp:featuredmedia":[{"embeddable":true,"href":"https:\/\/e.kosmolat.eu\/lt\/wp-json\/wp\/v2\/media\/95626"}],"wp:attachment":[{"href":"https:\/\/e.kosmolat.eu\/lt\/wp-json\/wp\/v2\/media?parent=76723"}],"wp:term":[{"taxonomy":"product_cat","embeddable":true,"href":"https:\/\/e.kosmolat.eu\/lt\/wp-json\/wp\/v2\/product_cat?post=76723"},{"taxonomy":"product_tag","embeddable":true,"href":"https:\/\/e.kosmolat.eu\/lt\/wp-json\/wp\/v2\/product_tag?post=76723"}],"curies":[{"name":"wp","href":"https:\/\/api.w.org\/{rel}","templated":true}]}}