{"id":76715,"date":"2025-07-23T04:10:50","date_gmt":"2025-07-23T04:10:50","guid":{"rendered":"https:\/\/e.kosmolat.eu\/product\/topface-korektora-ota-f10\/"},"modified":"2026-04-07T06:08:39","modified_gmt":"2026-04-07T06:08:39","slug":"topface-korektora-ota-f10","status":"publish","type":"product","link":"https:\/\/e.kosmolat.eu\/lt\/produktas\/topface-korektora-ota-f10\/","title":{"rendered":"TOPFACE maskuoklio \u0161epet\u0117lis F10"},"content":{"rendered":"<p>Plok\u0161\u010dias \u0161epet\u0117lis su plonais, lanks\u010diais \u0161ereliais, skirtas odos netobulumams pasl\u0117pti. Padeda pasl\u0117pti tamsius ratilus po akimis ir kitus tr\u016bkumus, tolygiai ir kruop\u0161\u010diai paskirstydamas priemon\u0119. Sudr\u0117kinkite \u0161epet\u0117l\u012f \u0161iltu vandeniu. Nuvalykite \u0161erelius pasirinktu valikliu. Kruop\u0161\u010diai nuplaukite \u0161epet\u0117l\u012f. Nusausinkite dr\u0117gm\u0117s pertekli\u0173 \u0161variu popieriniu rank\u0161luos\u010diu.<\/p>\n","protected":false},"excerpt":{"rendered":"<p>Plok\u0161\u010dias \u0161epet\u0117lis su plonais, lanks\u010diais \u0161ereliais, skirtas odos netobulumams pasl\u0117pti. Padeda pasl\u0117pti tamsius ratilus po akimis ir kitus tr\u016bkumus, tolygiai ir kruop\u0161\u010diai paskirstydamas priemon\u0119. Sudr\u0117kinkite \u0161epet\u0117l\u012f \u0161iltu vandeniu. Nuvalykite \u0161erelius pasirinktu valikliu. Kruop\u0161\u010diai nuplaukite \u0161epet\u0117l\u012f. Nusausinkite dr\u0117gm\u0117s pertekli\u0173 \u0161variu popieriniu rank\u0161luos\u010diu.<\/p>\n","protected":false},"featured_media":95622,"template":"","meta":[],"product_cat":[2181],"product_tag":[],"class_list":{"0":"post-76715","1":"product","2":"type-product","3":"status-publish","4":"has-post-thumbnail","6":"product_brand-top-face-tr-lt","7":"product_cat-bez-kategorijas-lt","9":"first","10":"instock","11":"taxable","12":"shipping-taxable","13":"product-type-simple"},"_links":{"self":[{"href":"https:\/\/e.kosmolat.eu\/lt\/wp-json\/wp\/v2\/product\/76715","targetHints":{"allow":["GET"]}}],"collection":[{"href":"https:\/\/e.kosmolat.eu\/lt\/wp-json\/wp\/v2\/product"}],"about":[{"href":"https:\/\/e.kosmolat.eu\/lt\/wp-json\/wp\/v2\/types\/product"}],"wp:featuredmedia":[{"embeddable":true,"href":"https:\/\/e.kosmolat.eu\/lt\/wp-json\/wp\/v2\/media\/95622"}],"wp:attachment":[{"href":"https:\/\/e.kosmolat.eu\/lt\/wp-json\/wp\/v2\/media?parent=76715"}],"wp:term":[{"taxonomy":"product_cat","embeddable":true,"href":"https:\/\/e.kosmolat.eu\/lt\/wp-json\/wp\/v2\/product_cat?post=76715"},{"taxonomy":"product_tag","embeddable":true,"href":"https:\/\/e.kosmolat.eu\/lt\/wp-json\/wp\/v2\/product_tag?post=76715"}],"curies":[{"name":"wp","href":"https:\/\/api.w.org\/{rel}","templated":true}]}}