{"id":76707,"date":"2025-07-23T04:10:34","date_gmt":"2025-07-23T04:10:34","guid":{"rendered":"https:\/\/e.kosmolat.eu\/product\/topface-izpludinasanas-ota-f08\/"},"modified":"2026-04-01T09:14:50","modified_gmt":"2026-04-01T09:14:50","slug":"topface-izpludinasanas-ota-f08","status":"publish","type":"product","link":"https:\/\/e.kosmolat.eu\/lt\/produktas\/topface-izpludinasanas-ota-f08\/","title":{"rendered":"TOPFACE \u0161e\u0161\u0117li\u0173 teptukas F08"},"content":{"rendered":"<p>Patogi apvali \u0161io \u0161epet\u0117lio forma buvo specialiai sukurta biriems ir kreminiams produktams. Leid\u017eia tolygiai paskirstyti \u0161e\u0161\u0117lius ant vok\u0173 ir juos u\u017etamsinti. Sudr\u0117kinkite \u0161epet\u0117l\u012f \u0161iltu vandeniu. Nuvalykite \u0161erelius pasirinktu valikliu. Kruop\u0161\u010diai nuplaukite \u0161epet\u0117l\u012f. \u0160variu popieriniu rank\u0161luos\u010diu nuspauskite dr\u0117gm\u0117s pertekli\u0173.<\/p>\n","protected":false},"excerpt":{"rendered":"<p>Patogi apvali \u0161io \u0161epet\u0117lio forma buvo specialiai sukurta biriems ir kreminiams produktams. Leid\u017eia tolygiai paskirstyti \u0161e\u0161\u0117lius ant vok\u0173 ir juos u\u017etamsinti. Sudr\u0117kinkite \u0161epet\u0117l\u012f \u0161iltu vandeniu. Nuvalykite \u0161erelius pasirinktu valikliu. Kruop\u0161\u010diai nuplaukite \u0161epet\u0117l\u012f. \u0160variu popieriniu rank\u0161luos\u010diu nuspauskite dr\u0117gm\u0117s pertekli\u0173.<\/p>\n","protected":false},"featured_media":95618,"template":"","meta":[],"product_cat":[1548],"product_tag":[],"class_list":{"0":"post-76707","1":"product","2":"type-product","3":"status-publish","4":"has-post-thumbnail","6":"product_brand-top-face-tr-lt","7":"product_cat-teptukai","9":"first","10":"outofstock","11":"taxable","12":"shipping-taxable","13":"product-type-simple"},"_links":{"self":[{"href":"https:\/\/e.kosmolat.eu\/lt\/wp-json\/wp\/v2\/product\/76707","targetHints":{"allow":["GET"]}}],"collection":[{"href":"https:\/\/e.kosmolat.eu\/lt\/wp-json\/wp\/v2\/product"}],"about":[{"href":"https:\/\/e.kosmolat.eu\/lt\/wp-json\/wp\/v2\/types\/product"}],"wp:featuredmedia":[{"embeddable":true,"href":"https:\/\/e.kosmolat.eu\/lt\/wp-json\/wp\/v2\/media\/95618"}],"wp:attachment":[{"href":"https:\/\/e.kosmolat.eu\/lt\/wp-json\/wp\/v2\/media?parent=76707"}],"wp:term":[{"taxonomy":"product_cat","embeddable":true,"href":"https:\/\/e.kosmolat.eu\/lt\/wp-json\/wp\/v2\/product_cat?post=76707"},{"taxonomy":"product_tag","embeddable":true,"href":"https:\/\/e.kosmolat.eu\/lt\/wp-json\/wp\/v2\/product_tag?post=76707"}],"curies":[{"name":"wp","href":"https:\/\/api.w.org\/{rel}","templated":true}]}}