{"id":76699,"date":"2025-07-23T04:10:17","date_gmt":"2025-07-23T04:10:17","guid":{"rendered":"https:\/\/e.kosmolat.eu\/product\/topface-ota-tonala-krema-uzklasanai-f06\/"},"modified":"2025-09-20T08:13:16","modified_gmt":"2025-09-20T08:13:16","slug":"topface-ota-tonala-krema-uzklasanai-f06","status":"publish","type":"product","link":"https:\/\/e.kosmolat.eu\/lt\/produktas\/topface-ota-tonala-krema-uzklasanai-f06\/","title":{"rendered":"TOPFACE makia\u017eo pagrindo teptukas F06"},"content":{"rendered":"<p>Stori, mink\u0161ti, trumpi \u0161ereliai specialiai sukurti skystiems ir kreminiams produktams tepti. Tolygiai tepkite produkt\u0105 ant veido \u0161velniais judesiais. Sudr\u0117kinkite \u0161epet\u0117l\u012f \u0161iltu vandeniu. Nuvalykite \u0161erelius pasirinktu valikliu. Kruop\u0161\u010diai nuplaukite \u0161epet\u0117l\u012f. \u0160variu popieriniu rank\u0161luos\u010diu nuspauskite dr\u0117gm\u0117s pertekli\u0173.<\/p>\n","protected":false},"excerpt":{"rendered":"<p>Stori, mink\u0161ti, trumpi \u0161ereliai specialiai sukurti skystiems ir kreminiams produktams tepti. Tolygiai tepkite produkt\u0105 ant veido \u0161velniais judesiais. Sudr\u0117kinkite \u0161epet\u0117l\u012f \u0161iltu vandeniu. Nuvalykite \u0161erelius pasirinktu valikliu. Kruop\u0161\u010diai nuplaukite \u0161epet\u0117l\u012f. \u0160variu popieriniu rank\u0161luos\u010diu nuspauskite dr\u0117gm\u0117s pertekli\u0173.<\/p>\n","protected":false},"featured_media":95614,"template":"","meta":[],"product_cat":[1548],"product_tag":[],"class_list":{"0":"post-76699","1":"product","2":"type-product","3":"status-publish","4":"has-post-thumbnail","6":"product_brand-top-face-tr-lt","7":"product_cat-teptukai","9":"first","10":"outofstock","11":"taxable","12":"shipping-taxable","13":"product-type-simple"},"_links":{"self":[{"href":"https:\/\/e.kosmolat.eu\/lt\/wp-json\/wp\/v2\/product\/76699","targetHints":{"allow":["GET"]}}],"collection":[{"href":"https:\/\/e.kosmolat.eu\/lt\/wp-json\/wp\/v2\/product"}],"about":[{"href":"https:\/\/e.kosmolat.eu\/lt\/wp-json\/wp\/v2\/types\/product"}],"wp:featuredmedia":[{"embeddable":true,"href":"https:\/\/e.kosmolat.eu\/lt\/wp-json\/wp\/v2\/media\/95614"}],"wp:attachment":[{"href":"https:\/\/e.kosmolat.eu\/lt\/wp-json\/wp\/v2\/media?parent=76699"}],"wp:term":[{"taxonomy":"product_cat","embeddable":true,"href":"https:\/\/e.kosmolat.eu\/lt\/wp-json\/wp\/v2\/product_cat?post=76699"},{"taxonomy":"product_tag","embeddable":true,"href":"https:\/\/e.kosmolat.eu\/lt\/wp-json\/wp\/v2\/product_tag?post=76699"}],"curies":[{"name":"wp","href":"https:\/\/api.w.org\/{rel}","templated":true}]}}