{"id":76643,"date":"2025-07-23T04:08:09","date_gmt":"2025-07-23T04:08:09","guid":{"rendered":"https:\/\/e.kosmolat.eu\/product\/topface-stylo-kajal-001-udensnot-automat-acu-zimulis-0-32-g\/"},"modified":"2026-04-01T09:12:54","modified_gmt":"2026-04-01T09:12:54","slug":"topface-stylo-kajal-001-udensnot-automat-acu-zimulis-0-32-g","status":"publish","type":"product","link":"https:\/\/e.kosmolat.eu\/lt\/produktas\/topface-stylo-kajal-001-udensnot-automat-acu-zimulis-0-32-g\/","title":{"rendered":"TOPFACE Stylo Kajal vandeniui atsparus mechaninis aki\u0173 kont\u016bro pie\u0161tukas 001, 0,32 g"},"content":{"rendered":"<p>Atsargumo priemon\u0117s: Po kiekvieno naudojimo sandariai u\u017edarykite dangtel\u012f. Tik i\u0161oriniam naudojimui. Laikyti vaikams nepasiekiamoje vietoje.<\/p>\n","protected":false},"excerpt":{"rendered":"<p>Atsargumo priemon\u0117s: Po kiekvieno naudojimo sandariai u\u017edarykite dangtel\u012f. Tik i\u0161oriniam naudojimui. Laikyti vaikams nepasiekiamoje vietoje.<\/p>\n","protected":false},"featured_media":95574,"template":"","meta":[],"product_cat":[1264],"product_tag":[],"class_list":{"0":"post-76643","1":"product","2":"type-product","3":"status-publish","4":"has-post-thumbnail","6":"product_brand-top-face-tr-lt","7":"product_cat-piestukai-konturai","9":"first","10":"outofstock","11":"taxable","12":"shipping-taxable","13":"product-type-simple"},"_links":{"self":[{"href":"https:\/\/e.kosmolat.eu\/lt\/wp-json\/wp\/v2\/product\/76643","targetHints":{"allow":["GET"]}}],"collection":[{"href":"https:\/\/e.kosmolat.eu\/lt\/wp-json\/wp\/v2\/product"}],"about":[{"href":"https:\/\/e.kosmolat.eu\/lt\/wp-json\/wp\/v2\/types\/product"}],"wp:featuredmedia":[{"embeddable":true,"href":"https:\/\/e.kosmolat.eu\/lt\/wp-json\/wp\/v2\/media\/95574"}],"wp:attachment":[{"href":"https:\/\/e.kosmolat.eu\/lt\/wp-json\/wp\/v2\/media?parent=76643"}],"wp:term":[{"taxonomy":"product_cat","embeddable":true,"href":"https:\/\/e.kosmolat.eu\/lt\/wp-json\/wp\/v2\/product_cat?post=76643"},{"taxonomy":"product_tag","embeddable":true,"href":"https:\/\/e.kosmolat.eu\/lt\/wp-json\/wp\/v2\/product_tag?post=76643"}],"curies":[{"name":"wp","href":"https:\/\/api.w.org\/{rel}","templated":true}]}}