{"id":76635,"date":"2025-07-23T04:07:51","date_gmt":"2025-07-23T04:07:51","guid":{"rendered":"https:\/\/e.kosmolat.eu\/product\/topface-super-silky-udensnoturigs-acu-laineris-001-4-3-g\/"},"modified":"2025-09-20T08:10:56","modified_gmt":"2025-09-20T08:10:56","slug":"topface-super-silky-udensnoturigs-acu-laineris-001-4-3-g","status":"publish","type":"product","link":"https:\/\/e.kosmolat.eu\/lt\/produktas\/topface-super-silky-udensnoturigs-acu-laineris-001-4-3-g\/","title":{"rendered":"TOPFACE itin \u0161ilkinis vandeniui atsparus aki\u0173 pie\u0161tukas 001 Sodriai juodas, 4,3 g"},"content":{"rendered":"<p>Atsargumo priemon\u0117s: Po kiekvieno naudojimo sandariai u\u017edarykite dangtel\u012f. Tik i\u0161oriniam naudojimui. Laikyti vaikams nepasiekiamoje vietoje.<\/p>\n","protected":false},"excerpt":{"rendered":"<p>Atsargumo priemon\u0117s: Po kiekvieno naudojimo sandariai u\u017edarykite dangtel\u012f. Tik i\u0161oriniam naudojimui. Laikyti vaikams nepasiekiamoje vietoje.<\/p>\n","protected":false},"featured_media":95570,"template":"","meta":[],"product_cat":[1264],"product_tag":[],"class_list":{"0":"post-76635","1":"product","2":"type-product","3":"status-publish","4":"has-post-thumbnail","6":"product_brand-top-face-tr-lt","7":"product_cat-piestukai-konturai","9":"first","10":"outofstock","11":"taxable","12":"shipping-taxable","13":"product-type-simple"},"_links":{"self":[{"href":"https:\/\/e.kosmolat.eu\/lt\/wp-json\/wp\/v2\/product\/76635","targetHints":{"allow":["GET"]}}],"collection":[{"href":"https:\/\/e.kosmolat.eu\/lt\/wp-json\/wp\/v2\/product"}],"about":[{"href":"https:\/\/e.kosmolat.eu\/lt\/wp-json\/wp\/v2\/types\/product"}],"wp:featuredmedia":[{"embeddable":true,"href":"https:\/\/e.kosmolat.eu\/lt\/wp-json\/wp\/v2\/media\/95570"}],"wp:attachment":[{"href":"https:\/\/e.kosmolat.eu\/lt\/wp-json\/wp\/v2\/media?parent=76635"}],"wp:term":[{"taxonomy":"product_cat","embeddable":true,"href":"https:\/\/e.kosmolat.eu\/lt\/wp-json\/wp\/v2\/product_cat?post=76635"},{"taxonomy":"product_tag","embeddable":true,"href":"https:\/\/e.kosmolat.eu\/lt\/wp-json\/wp\/v2\/product_tag?post=76635"}],"curies":[{"name":"wp","href":"https:\/\/api.w.org\/{rel}","templated":true}]}}