{"id":76475,"date":"2025-07-23T04:01:51","date_gmt":"2025-07-23T04:01:51","guid":{"rendered":"https:\/\/e.kosmolat.eu\/product\/topface-uzacu-zimulis-ar-birst-001-1-14-g\/"},"modified":"2026-04-16T07:40:12","modified_gmt":"2026-04-16T07:40:12","slug":"topface-uzacu-zimulis-ar-birst-001-1-14-g","status":"publish","type":"product","link":"https:\/\/e.kosmolat.eu\/lt\/produktas\/topface-uzacu-zimulis-ar-birst-001-1-14-g\/","title":{"rendered":"TOPFACE antaki\u0173 pie\u0161tukas su \u0161epet\u0117liu 001, 1.14"},"content":{"rendered":"<p>Atsargumo priemon\u0117s: Po kiekvieno naudojimo sandariai u\u017edarykite dangtel\u012f. Tik i\u0161oriniam naudojimui. Laikyti vaikams nepasiekiamoje vietoje.<\/p>\n","protected":false},"excerpt":{"rendered":"<p>Atsargumo priemon\u0117s: Po kiekvieno naudojimo sandariai u\u017edarykite dangtel\u012f. Tik i\u0161oriniam naudojimui. Laikyti vaikams nepasiekiamoje vietoje.<\/p>\n","protected":false},"featured_media":78358,"template":"","meta":[],"product_cat":[2181],"product_tag":[],"class_list":{"0":"post-76475","1":"product","2":"type-product","3":"status-publish","4":"has-post-thumbnail","6":"product_brand-top-face-tr-lt","7":"product_cat-bez-kategorijas-lt","9":"first","10":"instock","11":"taxable","12":"shipping-taxable","13":"product-type-simple"},"_links":{"self":[{"href":"https:\/\/e.kosmolat.eu\/lt\/wp-json\/wp\/v2\/product\/76475","targetHints":{"allow":["GET"]}}],"collection":[{"href":"https:\/\/e.kosmolat.eu\/lt\/wp-json\/wp\/v2\/product"}],"about":[{"href":"https:\/\/e.kosmolat.eu\/lt\/wp-json\/wp\/v2\/types\/product"}],"wp:featuredmedia":[{"embeddable":true,"href":"https:\/\/e.kosmolat.eu\/lt\/wp-json\/wp\/v2\/media\/78358"}],"wp:attachment":[{"href":"https:\/\/e.kosmolat.eu\/lt\/wp-json\/wp\/v2\/media?parent=76475"}],"wp:term":[{"taxonomy":"product_cat","embeddable":true,"href":"https:\/\/e.kosmolat.eu\/lt\/wp-json\/wp\/v2\/product_cat?post=76475"},{"taxonomy":"product_tag","embeddable":true,"href":"https:\/\/e.kosmolat.eu\/lt\/wp-json\/wp\/v2\/product_tag?post=76475"}],"curies":[{"name":"wp","href":"https:\/\/api.w.org\/{rel}","templated":true}]}}