{"id":76459,"date":"2025-07-23T04:01:17","date_gmt":"2025-07-23T04:01:17","guid":{"rendered":"https:\/\/e.kosmolat.eu\/product\/topface-velvet-smokey-eyes-004-acu-zimulis-bruns-1-2-g\/"},"modified":"2025-09-20T08:06:08","modified_gmt":"2025-09-20T08:06:08","slug":"topface-velvet-smokey-eyes-004-acu-zimulis-bruns-1-2-g","status":"publish","type":"product","link":"https:\/\/e.kosmolat.eu\/lt\/produktas\/topface-velvet-smokey-eyes-004-acu-zimulis-bruns-1-2-g\/","title":{"rendered":"TOPFACE Velvet Smokey Eyes aki\u0173 pie\u0161tukas 004 Rudas, 1.2 g"},"content":{"rendered":"<p>Atsargumo priemon\u0117s: Po kiekvieno naudojimo sandariai u\u017edarykite dangtel\u012f. Tik i\u0161oriniam naudojimui. Laikyti vaikams nepasiekiamoje vietoje.<\/p>\n","protected":false},"excerpt":{"rendered":"<p>Atsargumo priemon\u0117s: Po kiekvieno naudojimo sandariai u\u017edarykite dangtel\u012f. Tik i\u0161oriniam naudojimui. Laikyti vaikams nepasiekiamoje vietoje.<\/p>\n","protected":false},"featured_media":95498,"template":"","meta":[],"product_cat":[1264],"product_tag":[],"class_list":{"0":"post-76459","1":"product","2":"type-product","3":"status-publish","4":"has-post-thumbnail","6":"product_brand-top-face-tr-lt","7":"product_cat-piestukai-konturai","9":"first","10":"instock","11":"taxable","12":"shipping-taxable","13":"product-type-simple"},"_links":{"self":[{"href":"https:\/\/e.kosmolat.eu\/lt\/wp-json\/wp\/v2\/product\/76459","targetHints":{"allow":["GET"]}}],"collection":[{"href":"https:\/\/e.kosmolat.eu\/lt\/wp-json\/wp\/v2\/product"}],"about":[{"href":"https:\/\/e.kosmolat.eu\/lt\/wp-json\/wp\/v2\/types\/product"}],"wp:featuredmedia":[{"embeddable":true,"href":"https:\/\/e.kosmolat.eu\/lt\/wp-json\/wp\/v2\/media\/95498"}],"wp:attachment":[{"href":"https:\/\/e.kosmolat.eu\/lt\/wp-json\/wp\/v2\/media?parent=76459"}],"wp:term":[{"taxonomy":"product_cat","embeddable":true,"href":"https:\/\/e.kosmolat.eu\/lt\/wp-json\/wp\/v2\/product_cat?post=76459"},{"taxonomy":"product_tag","embeddable":true,"href":"https:\/\/e.kosmolat.eu\/lt\/wp-json\/wp\/v2\/product_tag?post=76459"}],"curies":[{"name":"wp","href":"https:\/\/api.w.org\/{rel}","templated":true}]}}