{"id":76386,"date":"2025-07-22T04:13:03","date_gmt":"2025-07-22T04:13:03","guid":{"rendered":"https:\/\/e.kosmolat.eu\/product\/topface-super-match-007-udensnot-tonalais-krems-24h-30-ml\/"},"modified":"2026-04-14T06:24:23","modified_gmt":"2026-04-14T06:24:23","slug":"topface-super-match-007-udensnot-tonalais-krems-24h-30-ml","status":"publish","type":"product","link":"https:\/\/e.kosmolat.eu\/lt\/produktas\/topface-super-match-007-udensnot-tonalais-krems-24h-30-ml\/","title":{"rendered":"TOPFACE Super Match vandeniui atsparus makia\u017eo pagrindas 24 val., 007, 30 ml"},"content":{"rendered":"<p>Pajuskite odos dr\u0117kinimo poveik\u012f 24 valandas. Makia\u017eo pagrindas, praturtintas hialurono r\u016bg\u0161timi, suteikia odai nat\u016bral\u0173 spindes\u012f d\u0117l tobulo makia\u017eo ir odos prie\u017ei\u016bros savybi\u0173 derinio. R\u016bpinasi oda d\u0117l inovatyvios formul\u0117s, kuri dr\u0117kina od\u0105 24 valandas. D\u0117l kremin\u0117s tekst\u016bros lengvai tepasi. Atsparus vandeniui. D\u0117l didelio padengimo ir sodrios tekst\u016bros priemon\u0117 koreguoja odos atspalv\u012f, o j\u016bs\u0173 makia\u017eas ilgai i\u0161liks gaivus ir nepriekai\u0161tingas.<\/p>\n<p>Prie\u0161 naudojim\u0105 gerai suplakti. Jei pasikei\u010dia kvapas ar i\u0161vaizda, nebenaudokite. Tik i\u0161oriniam naudojimui. Laikyti 20\u201325 \u00b0C temperat\u016broje, toliau nuo tiesiogini\u0173 saul\u0117s spinduli\u0173. Laikyti vaikams nepasiekiamoje vietoje.<\/p>\n","protected":false},"excerpt":{"rendered":"<p>Pajuskite odos dr\u0117kinimo poveik\u012f 24 valandas. Makia\u017eo pagrindas, praturtintas hialurono r\u016bg\u0161timi, suteikia odai nat\u016bral\u0173 spindes\u012f d\u0117l tobulo makia\u017eo ir odos prie\u017ei\u016bros savybi\u0173 derinio. R\u016bpinasi oda d\u0117l inovatyvios formul\u0117s, kuri dr\u0117kina od\u0105 24 valandas. D\u0117l kremin\u0117s tekst\u016bros lengvai tepasi. Atsparus vandeniui. D\u0117l didelio padengimo ir sodrios tekst\u016bros priemon\u0117 koreguoja odos atspalv\u012f, o j\u016bs\u0173 makia\u017eas ilgai i\u0161liks [&#8230;]\n","protected":false},"featured_media":95454,"template":"","meta":[],"product_cat":[1291],"product_tag":[],"class_list":{"0":"post-76386","1":"product","2":"type-product","3":"status-publish","4":"has-post-thumbnail","6":"product_brand-top-face-tr-lt","7":"product_cat-makiazo-pagrindas","9":"first","10":"instock","11":"taxable","12":"shipping-taxable","13":"product-type-simple"},"_links":{"self":[{"href":"https:\/\/e.kosmolat.eu\/lt\/wp-json\/wp\/v2\/product\/76386","targetHints":{"allow":["GET"]}}],"collection":[{"href":"https:\/\/e.kosmolat.eu\/lt\/wp-json\/wp\/v2\/product"}],"about":[{"href":"https:\/\/e.kosmolat.eu\/lt\/wp-json\/wp\/v2\/types\/product"}],"wp:featuredmedia":[{"embeddable":true,"href":"https:\/\/e.kosmolat.eu\/lt\/wp-json\/wp\/v2\/media\/95454"}],"wp:attachment":[{"href":"https:\/\/e.kosmolat.eu\/lt\/wp-json\/wp\/v2\/media?parent=76386"}],"wp:term":[{"taxonomy":"product_cat","embeddable":true,"href":"https:\/\/e.kosmolat.eu\/lt\/wp-json\/wp\/v2\/product_cat?post=76386"},{"taxonomy":"product_tag","embeddable":true,"href":"https:\/\/e.kosmolat.eu\/lt\/wp-json\/wp\/v2\/product_tag?post=76386"}],"curies":[{"name":"wp","href":"https:\/\/api.w.org\/{rel}","templated":true}]}}