{"id":76354,"date":"2025-07-22T04:11:55","date_gmt":"2025-07-22T04:11:55","guid":{"rendered":"https:\/\/e.kosmolat.eu\/product\/topface-super-match-005-udensnot-korektors-24h-6-ml\/"},"modified":"2026-04-11T19:09:57","modified_gmt":"2026-04-11T19:09:57","slug":"topface-super-match-005-udensnot-korektors-24h-6-ml","status":"publish","type":"product","link":"https:\/\/e.kosmolat.eu\/lt\/produktas\/topface-super-match-005-udensnot-korektors-24h-6-ml\/","title":{"rendered":"TOPFACE Super Match vandeniui atsparus maskuoklis 24 val., 005, 6 ml"},"content":{"rendered":"<p>Dr\u0117kinamasis poveikis ir tobulas padengimas 24 valandoms. Maskuoklis, praturtintas hialurono r\u016bg\u0161timi ir vitaminu E, akimirksniu prisitaiko prie odos spalvos. U\u017etikrina ger\u0105 padengim\u0105. Pabr\u0117\u017edamas nat\u016bral\u0173 spindes\u012f, padeda pasl\u0117pti nedidelius netobulumus aplink akis ir suteikia gaivumo. Atsparus vandeniui. Ilgai i\u0161laiko makia\u017e\u0105, suvienodina odos atspalv\u012f. Formul\u0117 u\u017etikrina greit\u0105 ir paprast\u0105 naudojim\u0105 bei tobul\u0105 rezultat\u0105.<\/p>\n<p>Prie\u0161 naudojim\u0105 gerai suplakti. Jei pasikei\u010dia kvapas ar i\u0161vaizda, nebenaudokite. Tik i\u0161oriniam naudojimui. Laikyti 20\u201325 \u00b0C temperat\u016broje, toliau nuo tiesiogini\u0173 saul\u0117s spinduli\u0173. Laikyti vaikams nepasiekiamoje vietoje.<\/p>\n","protected":false},"excerpt":{"rendered":"<p>Dr\u0117kinamasis poveikis ir tobulas padengimas 24 valandoms. Maskuoklis, praturtintas hialurono r\u016bg\u0161timi ir vitaminu E, akimirksniu prisitaiko prie odos spalvos. U\u017etikrina ger\u0105 padengim\u0105. Pabr\u0117\u017edamas nat\u016bral\u0173 spindes\u012f, padeda pasl\u0117pti nedidelius netobulumus aplink akis ir suteikia gaivumo. Atsparus vandeniui. Ilgai i\u0161laiko makia\u017e\u0105, suvienodina odos atspalv\u012f. Formul\u0117 u\u017etikrina greit\u0105 ir paprast\u0105 naudojim\u0105 bei tobul\u0105 rezultat\u0105. Prie\u0161 naudojim\u0105 gerai suplakti. [&#8230;]\n","protected":false},"featured_media":95438,"template":"","meta":[],"product_cat":[1490],"product_tag":[],"class_list":{"0":"post-76354","1":"product","2":"type-product","3":"status-publish","4":"has-post-thumbnail","6":"product_brand-top-face-tr-lt","7":"product_cat-korektoriai","9":"first","10":"instock","11":"taxable","12":"shipping-taxable","13":"product-type-simple"},"_links":{"self":[{"href":"https:\/\/e.kosmolat.eu\/lt\/wp-json\/wp\/v2\/product\/76354","targetHints":{"allow":["GET"]}}],"collection":[{"href":"https:\/\/e.kosmolat.eu\/lt\/wp-json\/wp\/v2\/product"}],"about":[{"href":"https:\/\/e.kosmolat.eu\/lt\/wp-json\/wp\/v2\/types\/product"}],"wp:featuredmedia":[{"embeddable":true,"href":"https:\/\/e.kosmolat.eu\/lt\/wp-json\/wp\/v2\/media\/95438"}],"wp:attachment":[{"href":"https:\/\/e.kosmolat.eu\/lt\/wp-json\/wp\/v2\/media?parent=76354"}],"wp:term":[{"taxonomy":"product_cat","embeddable":true,"href":"https:\/\/e.kosmolat.eu\/lt\/wp-json\/wp\/v2\/product_cat?post=76354"},{"taxonomy":"product_tag","embeddable":true,"href":"https:\/\/e.kosmolat.eu\/lt\/wp-json\/wp\/v2\/product_tag?post=76354"}],"curies":[{"name":"wp","href":"https:\/\/api.w.org\/{rel}","templated":true}]}}