{"id":76330,"date":"2025-07-22T04:11:05","date_gmt":"2025-07-22T04:11:05","guid":{"rendered":"https:\/\/e.kosmolat.eu\/product\/topface-natural-glow-007-cc-krems-un-korektors-spf-50-30-ml\/"},"modified":"2026-04-21T05:51:16","modified_gmt":"2026-04-21T05:51:16","slug":"topface-natural-glow-007-cc-krems-un-korektors-spf-50-30-ml","status":"publish","type":"product","link":"https:\/\/e.kosmolat.eu\/lt\/produktas\/topface-natural-glow-007-cc-krems-un-korektors-spf-50-30-ml\/","title":{"rendered":"TOPFACE Natural Glow CC kremas ir maskuoklis SPF 50+, 007, 30 ml"},"content":{"rendered":"<p>Odos prie\u017ei\u016bra ir puikus padengimas. D\u0117l didel\u0117s pigmentacijos priemon\u0117 akimirksniu suvienodina odos atspalv\u012f, suteikdama jai \u0161viesi\u0105 ir patraukli\u0105 i\u0161vaizd\u0105. D\u0117l SPF 50+ ji u\u017etikrina patikim\u0105 apsaug\u0105 nuo \u017ealingo ultravioletini\u0173 spinduli\u0173 poveikio. Naujos kartos formul\u0117 tinka tepti ant viso veido, padeda suma\u017einti sen\u0117jimo po\u017eymius ir suteikia odai gaivumo. Efektyviai maskuoja nuovargio po\u017eymius, tamsius ratilus ir mai\u0161elius po akimis d\u0117l puikaus padengimo ir veikli\u0173j\u0173 med\u017eiag\u0173. Palieka tolyg\u0173, dr\u0117kinant\u012f ir gaiv\u0173 efekt\u0105.<\/p>\n<p>Prie\u0161 naudojim\u0105 gerai suplakti. Jei pasikei\u010dia kvapas ar i\u0161vaizda, nebenaudokite. Tik i\u0161oriniam naudojimui. . Laikyti 20\u201325 \u00b0C temperat\u016broje, toliau nuo tiesiogini\u0173 saul\u0117s spinduli\u0173. Laikyti vaikams nepasiekiamoje vietoje.<\/p>\n","protected":false},"excerpt":{"rendered":"<p>Odos prie\u017ei\u016bra ir puikus padengimas. D\u0117l didel\u0117s pigmentacijos priemon\u0117 akimirksniu suvienodina odos atspalv\u012f, suteikdama jai \u0161viesi\u0105 ir patraukli\u0105 i\u0161vaizd\u0105. D\u0117l SPF 50+ ji u\u017etikrina patikim\u0105 apsaug\u0105 nuo \u017ealingo ultravioletini\u0173 spinduli\u0173 poveikio. Naujos kartos formul\u0117 tinka tepti ant viso veido, padeda suma\u017einti sen\u0117jimo po\u017eymius ir suteikia odai gaivumo. Efektyviai maskuoja nuovargio po\u017eymius, tamsius ratilus ir mai\u0161elius [&#8230;]\n","protected":false},"featured_media":95422,"template":"","meta":[],"product_cat":[1291],"product_tag":[],"class_list":{"0":"post-76330","1":"product","2":"type-product","3":"status-publish","4":"has-post-thumbnail","6":"product_brand-top-face-tr-lt","7":"product_cat-makiazo-pagrindas","9":"first","10":"instock","11":"taxable","12":"shipping-taxable","13":"product-type-simple"},"_links":{"self":[{"href":"https:\/\/e.kosmolat.eu\/lt\/wp-json\/wp\/v2\/product\/76330","targetHints":{"allow":["GET"]}}],"collection":[{"href":"https:\/\/e.kosmolat.eu\/lt\/wp-json\/wp\/v2\/product"}],"about":[{"href":"https:\/\/e.kosmolat.eu\/lt\/wp-json\/wp\/v2\/types\/product"}],"wp:featuredmedia":[{"embeddable":true,"href":"https:\/\/e.kosmolat.eu\/lt\/wp-json\/wp\/v2\/media\/95422"}],"wp:attachment":[{"href":"https:\/\/e.kosmolat.eu\/lt\/wp-json\/wp\/v2\/media?parent=76330"}],"wp:term":[{"taxonomy":"product_cat","embeddable":true,"href":"https:\/\/e.kosmolat.eu\/lt\/wp-json\/wp\/v2\/product_cat?post=76330"},{"taxonomy":"product_tag","embeddable":true,"href":"https:\/\/e.kosmolat.eu\/lt\/wp-json\/wp\/v2\/product_tag?post=76330"}],"curies":[{"name":"wp","href":"https:\/\/api.w.org\/{rel}","templated":true}]}}