{"id":76298,"date":"2025-07-22T04:09:54","date_gmt":"2025-07-22T04:09:54","guid":{"rendered":"https:\/\/e.kosmolat.eu\/product\/topface-skin-editor-matejosa-grima-baze-001-30-ml\/"},"modified":"2026-04-16T06:44:56","modified_gmt":"2026-04-16T06:44:56","slug":"topface-skin-editor-matejosa-grima-baze-001-30-ml","status":"publish","type":"product","link":"https:\/\/e.kosmolat.eu\/lt\/produktas\/topface-skin-editor-matejosa-grima-baze-001-30-ml\/","title":{"rendered":"TOPFACE Skin Editor matin\u012f efekt\u0105 suteikiantis makia\u017eo pagrindas 001, 30 ml"},"content":{"rendered":"<p>Makia\u017eo pagrindas yra pirmas \u017eingsnis siekiant glotnios odos ir ilgai i\u0161liekan\u010dio makia\u017eo. D\u0117l specialios formul\u0117s su kvie\u010di\u0173 ekstraktu ir simondsij\u0173 aliejumi pagrindas mink\u0161tina ir maitina od\u0105, pagerindamas jos i\u0161vaizd\u0105. Medetk\u0173 ir ramun\u0117li\u0173 aliejai padeda pasl\u0117pti ma\u017eas pigmentines d\u0117mes ir rauk\u0161les, suteikdami odai sveikesn\u0119 i\u0161vaizd\u0105. Suteikia ideal\u0173 makia\u017eo pagrind\u0105.<\/p>\n<p>Sud\u0117tyje yra vitamino A. Prie\u0161 naudojant atsi\u017evelgti \u012f paros doz\u0119.<\/p>\n<p>Jei pasikeit\u0117 kvapas ar i\u0161vaizda, nutraukite naudojim\u0105. Tik i\u0161oriniam naudojimui. Laikyti 20\u201325 \u00b0C temperat\u016broje, toliau nuo tiesiogini\u0173 saul\u0117s spinduli\u0173. Laikyti vaikams nepasiekiamoje vietoje.<\/p>\n","protected":false},"excerpt":{"rendered":"<p>Makia\u017eo pagrindas yra pirmas \u017eingsnis siekiant glotnios odos ir ilgai i\u0161liekan\u010dio makia\u017eo. D\u0117l specialios formul\u0117s su kvie\u010di\u0173 ekstraktu ir simondsij\u0173 aliejumi pagrindas mink\u0161tina ir maitina od\u0105, pagerindamas jos i\u0161vaizd\u0105. Medetk\u0173 ir ramun\u0117li\u0173 aliejai padeda pasl\u0117pti ma\u017eas pigmentines d\u0117mes ir rauk\u0161les, suteikdami odai sveikesn\u0119 i\u0161vaizd\u0105. Suteikia ideal\u0173 makia\u017eo pagrind\u0105. Sud\u0117tyje yra vitamino A. Prie\u0161 naudojant atsi\u017evelgti [&#8230;]\n","protected":false},"featured_media":95410,"template":"","meta":[],"product_cat":[2181],"product_tag":[],"class_list":{"0":"post-76298","1":"product","2":"type-product","3":"status-publish","4":"has-post-thumbnail","6":"product_brand-top-face-tr-lt","7":"product_cat-bez-kategorijas-lt","9":"first","10":"instock","11":"taxable","12":"shipping-taxable","13":"product-type-simple"},"_links":{"self":[{"href":"https:\/\/e.kosmolat.eu\/lt\/wp-json\/wp\/v2\/product\/76298","targetHints":{"allow":["GET"]}}],"collection":[{"href":"https:\/\/e.kosmolat.eu\/lt\/wp-json\/wp\/v2\/product"}],"about":[{"href":"https:\/\/e.kosmolat.eu\/lt\/wp-json\/wp\/v2\/types\/product"}],"wp:featuredmedia":[{"embeddable":true,"href":"https:\/\/e.kosmolat.eu\/lt\/wp-json\/wp\/v2\/media\/95410"}],"wp:attachment":[{"href":"https:\/\/e.kosmolat.eu\/lt\/wp-json\/wp\/v2\/media?parent=76298"}],"wp:term":[{"taxonomy":"product_cat","embeddable":true,"href":"https:\/\/e.kosmolat.eu\/lt\/wp-json\/wp\/v2\/product_cat?post=76298"},{"taxonomy":"product_tag","embeddable":true,"href":"https:\/\/e.kosmolat.eu\/lt\/wp-json\/wp\/v2\/product_tag?post=76298"}],"curies":[{"name":"wp","href":"https:\/\/api.w.org\/{rel}","templated":true}]}}