{"id":76274,"date":"2025-07-22T04:08:59","date_gmt":"2025-07-22T04:08:59","guid":{"rendered":"https:\/\/e.kosmolat.eu\/product\/topface-baked-002-choice-rich-touch-vaigu-sart-5-g\/"},"modified":"2026-04-18T12:55:12","modified_gmt":"2026-04-18T12:55:12","slug":"topface-baked-002-choice-rich-touch-vaigu-sart-5-g","status":"publish","type":"product","link":"https:\/\/e.kosmolat.eu\/lt\/produktas\/topface-baked-002-choice-rich-touch-vaigu-sart-5-g\/","title":{"rendered":"TOPFACE Baked Choice Rich Touch skaistalai 002, 5 g"},"content":{"rendered":"<p>Skaistalai pasi\u017eymi sodria formule ir sodria spalv\u0173 palete. Juos lengva tepti ant odos pavir\u0161iaus ir jie suteikia jai nepastebim\u0105 blizges\u012f. Mineral\u0173 ir vitamino E kiekis suteikia odai energijos ir spindesio.<\/p>\n<p>Jei pasikeit\u0117 kvapas ar i\u0161vaizda, nutraukite naudojim\u0105. Tik i\u0161oriniam naudojimui. Laikyti 20\u201325 \u00b0C temperat\u016broje, toliau nuo tiesiogini\u0173 saul\u0117s spinduli\u0173. Laikyti vaikams nepasiekiamoje vietoje.<\/p>\n","protected":false},"excerpt":{"rendered":"<p>Skaistalai pasi\u017eymi sodria formule ir sodria spalv\u0173 palete. Juos lengva tepti ant odos pavir\u0161iaus ir jie suteikia jai nepastebim\u0105 blizges\u012f. Mineral\u0173 ir vitamino E kiekis suteikia odai energijos ir spindesio. Jei pasikeit\u0117 kvapas ar i\u0161vaizda, nutraukite naudojim\u0105. Tik i\u0161oriniam naudojimui. Laikyti 20\u201325 \u00b0C temperat\u016broje, toliau nuo tiesiogini\u0173 saul\u0117s spinduli\u0173. Laikyti vaikams nepasiekiamoje vietoje.<\/p>\n","protected":false},"featured_media":95398,"template":"","meta":[],"product_cat":[1490],"product_tag":[],"class_list":{"0":"post-76274","1":"product","2":"type-product","3":"status-publish","4":"has-post-thumbnail","6":"product_brand-top-face-tr-lt","7":"product_cat-korektoriai","9":"first","10":"outofstock","11":"taxable","12":"shipping-taxable","13":"product-type-simple"},"_links":{"self":[{"href":"https:\/\/e.kosmolat.eu\/lt\/wp-json\/wp\/v2\/product\/76274","targetHints":{"allow":["GET"]}}],"collection":[{"href":"https:\/\/e.kosmolat.eu\/lt\/wp-json\/wp\/v2\/product"}],"about":[{"href":"https:\/\/e.kosmolat.eu\/lt\/wp-json\/wp\/v2\/types\/product"}],"wp:featuredmedia":[{"embeddable":true,"href":"https:\/\/e.kosmolat.eu\/lt\/wp-json\/wp\/v2\/media\/95398"}],"wp:attachment":[{"href":"https:\/\/e.kosmolat.eu\/lt\/wp-json\/wp\/v2\/media?parent=76274"}],"wp:term":[{"taxonomy":"product_cat","embeddable":true,"href":"https:\/\/e.kosmolat.eu\/lt\/wp-json\/wp\/v2\/product_cat?post=76274"},{"taxonomy":"product_tag","embeddable":true,"href":"https:\/\/e.kosmolat.eu\/lt\/wp-json\/wp\/v2\/product_tag?post=76274"}],"curies":[{"name":"wp","href":"https:\/\/api.w.org\/{rel}","templated":true}]}}