{"id":76258,"date":"2025-07-22T04:08:25","date_gmt":"2025-07-22T04:08:25","guid":{"rendered":"https:\/\/e.kosmolat.eu\/product\/topface-baked-102-choice-rich-touch-izgaismotajs-6-g\/"},"modified":"2026-04-11T19:07:16","modified_gmt":"2026-04-11T19:07:16","slug":"topface-baked-102-choice-rich-touch-izgaismotajs-6-g","status":"publish","type":"product","link":"https:\/\/e.kosmolat.eu\/lt\/produktas\/topface-baked-102-choice-rich-touch-izgaismotajs-6-g\/","title":{"rendered":"TOPFACE Baked Choice Rich Touch Highlighter 102, 6 g"},"content":{"rendered":"<p>Unikali formul\u0117 suteikia odai nat\u016bral\u0173 ir prabang\u0173 \u0161vyt\u0117jim\u0105. Nedidel\u012f kiek\u012f u\u017etepkite ant i\u0161siki\u0161usi\u0173 skruostikauli\u0173 dali\u0173, po i\u0161oriniu antaki\u0173 kra\u0161tu, i\u0161ilgai nosies linijos ir vir\u0161 vir\u0161utin\u0117s l\u016bpos. Mineral\u0173 ir vitamino E kiekis suteikia odai energijos ir spindesio.<\/p>\n<p>Jei pasikeit\u0117 kvapas ar i\u0161vaizda, nutraukite naudojim\u0105. Tik i\u0161oriniam naudojimui. Laikyti 20\u201325 \u00b0C temperat\u016broje, toliau nuo tiesiogini\u0173 saul\u0117s spinduli\u0173. Laikyti vaikams nepasiekiamoje vietoje.<\/p>\n","protected":false},"excerpt":{"rendered":"<p>Unikali formul\u0117 suteikia odai nat\u016bral\u0173 ir prabang\u0173 \u0161vyt\u0117jim\u0105. Nedidel\u012f kiek\u012f u\u017etepkite ant i\u0161siki\u0161usi\u0173 skruostikauli\u0173 dali\u0173, po i\u0161oriniu antaki\u0173 kra\u0161tu, i\u0161ilgai nosies linijos ir vir\u0161 vir\u0161utin\u0117s l\u016bpos. Mineral\u0173 ir vitamino E kiekis suteikia odai energijos ir spindesio. Jei pasikeit\u0117 kvapas ar i\u0161vaizda, nutraukite naudojim\u0105. Tik i\u0161oriniam naudojimui. Laikyti 20\u201325 \u00b0C temperat\u016broje, toliau nuo tiesiogini\u0173 saul\u0117s spinduli\u0173. [&#8230;]\n","protected":false},"featured_media":95390,"template":"","meta":[],"product_cat":[1490],"product_tag":[],"class_list":{"0":"post-76258","1":"product","2":"type-product","3":"status-publish","4":"has-post-thumbnail","6":"product_brand-top-face-tr-lt","7":"product_cat-korektoriai","9":"first","10":"instock","11":"taxable","12":"shipping-taxable","13":"product-type-simple"},"_links":{"self":[{"href":"https:\/\/e.kosmolat.eu\/lt\/wp-json\/wp\/v2\/product\/76258","targetHints":{"allow":["GET"]}}],"collection":[{"href":"https:\/\/e.kosmolat.eu\/lt\/wp-json\/wp\/v2\/product"}],"about":[{"href":"https:\/\/e.kosmolat.eu\/lt\/wp-json\/wp\/v2\/types\/product"}],"wp:featuredmedia":[{"embeddable":true,"href":"https:\/\/e.kosmolat.eu\/lt\/wp-json\/wp\/v2\/media\/95390"}],"wp:attachment":[{"href":"https:\/\/e.kosmolat.eu\/lt\/wp-json\/wp\/v2\/media?parent=76258"}],"wp:term":[{"taxonomy":"product_cat","embeddable":true,"href":"https:\/\/e.kosmolat.eu\/lt\/wp-json\/wp\/v2\/product_cat?post=76258"},{"taxonomy":"product_tag","embeddable":true,"href":"https:\/\/e.kosmolat.eu\/lt\/wp-json\/wp\/v2\/product_tag?post=76258"}],"curies":[{"name":"wp","href":"https:\/\/api.w.org\/{rel}","templated":true}]}}