{"id":76242,"date":"2025-07-22T04:07:51","date_gmt":"2025-07-22T04:07:51","guid":{"rendered":"https:\/\/e.kosmolat.eu\/product\/topface-skin-twin-zimulis-sejas-konturesanai-002-9-g\/"},"modified":"2026-04-11T19:06:36","modified_gmt":"2026-04-11T19:06:36","slug":"topface-skin-002-twin-zimulis-sejas-konturesanai-9-g","status":"publish","type":"product","link":"https:\/\/e.kosmolat.eu\/lt\/produktas\/topface-skin-002-twin-zimulis-sejas-konturesanai-9-g\/","title":{"rendered":"TOPFACE Skin Twin kont\u016bravimo pie\u0161tukas 002, 9 g"},"content":{"rendered":"<p>Galite suteikti makia\u017eui ry\u0161kumo, u\u017etepdami priemon\u0119 ant veido sri\u010di\u0173, kurias norite u\u017etamsinti arba pasl\u0117pti. Sud\u0117tyje yra vitamino E ir makadamij\u0173 aliejaus, kurie padeda dr\u0117kinti od\u0105.<\/p>\n<p>Po kiekvieno naudojimo sandariai u\u017edarykite dangtel\u012f. Jei pasikei\u010dia kvapas ar i\u0161vaizda, nebenaudokite. Tik i\u0161oriniam naudojimui. Laikyti 20\u201325 \u00b0C temperat\u016broje, toliau nuo tiesiogini\u0173 saul\u0117s spinduli\u0173. Laikyti vaikams nepasiekiamoje vietoje.<\/p>\n","protected":false},"excerpt":{"rendered":"<p>Galite suteikti makia\u017eui ry\u0161kumo, u\u017etepdami priemon\u0119 ant veido sri\u010di\u0173, kurias norite u\u017etamsinti arba pasl\u0117pti. Sud\u0117tyje yra vitamino E ir makadamij\u0173 aliejaus, kurie padeda dr\u0117kinti od\u0105. Po kiekvieno naudojimo sandariai u\u017edarykite dangtel\u012f. Jei pasikei\u010dia kvapas ar i\u0161vaizda, nebenaudokite. Tik i\u0161oriniam naudojimui. Laikyti 20\u201325 \u00b0C temperat\u016broje, toliau nuo tiesiogini\u0173 saul\u0117s spinduli\u0173. Laikyti vaikams nepasiekiamoje vietoje.<\/p>\n","protected":false},"featured_media":95378,"template":"","meta":[],"product_cat":[1490],"product_tag":[],"class_list":{"0":"post-76242","1":"product","2":"type-product","3":"status-publish","4":"has-post-thumbnail","6":"product_brand-top-face-tr-lt","7":"product_cat-korektoriai","9":"first","10":"instock","11":"taxable","12":"shipping-taxable","13":"product-type-simple"},"_links":{"self":[{"href":"https:\/\/e.kosmolat.eu\/lt\/wp-json\/wp\/v2\/product\/76242","targetHints":{"allow":["GET"]}}],"collection":[{"href":"https:\/\/e.kosmolat.eu\/lt\/wp-json\/wp\/v2\/product"}],"about":[{"href":"https:\/\/e.kosmolat.eu\/lt\/wp-json\/wp\/v2\/types\/product"}],"wp:featuredmedia":[{"embeddable":true,"href":"https:\/\/e.kosmolat.eu\/lt\/wp-json\/wp\/v2\/media\/95378"}],"wp:attachment":[{"href":"https:\/\/e.kosmolat.eu\/lt\/wp-json\/wp\/v2\/media?parent=76242"}],"wp:term":[{"taxonomy":"product_cat","embeddable":true,"href":"https:\/\/e.kosmolat.eu\/lt\/wp-json\/wp\/v2\/product_cat?post=76242"},{"taxonomy":"product_tag","embeddable":true,"href":"https:\/\/e.kosmolat.eu\/lt\/wp-json\/wp\/v2\/product_tag?post=76242"}],"curies":[{"name":"wp","href":"https:\/\/api.w.org\/{rel}","templated":true}]}}