{"id":76226,"date":"2025-07-22T04:07:17","date_gmt":"2025-07-22T04:07:17","guid":{"rendered":"https:\/\/e.kosmolat.eu\/product\/topface-skin-twin-izgaismotajs-zimulis-002-9-g\/"},"modified":"2026-04-21T05:51:03","modified_gmt":"2026-04-21T05:51:03","slug":"topface-skin-twin-izgaismotajs-zimulis-002-9-g","status":"publish","type":"product","link":"https:\/\/e.kosmolat.eu\/lt\/produktas\/topface-skin-twin-izgaismotajs-zimulis-002-9-g\/","title":{"rendered":"TOPFACE Skin Twin Highliter pie\u0161tukas 002, 9 g"},"content":{"rendered":"<p>Suteikia spindesio, pary\u0161kina skruostikaulius, l\u016bpas, antakius ir nosikaulius. Sud\u0117tyje yra vitamino E ir makadamij\u0173 aliejaus, kurie dr\u0117kina od\u0105.<\/p>\n<p>Po kiekvieno naudojimo sandariai u\u017edarykite dangtel\u012f. Jei pasikei\u010dia kvapas ar i\u0161vaizda, nebenaudokite. Tik i\u0161oriniam naudojimui. Laikyti 20\u201325 \u00b0C temperat\u016broje, toliau nuo tiesiogini\u0173 saul\u0117s spinduli\u0173. Laikyti vaikams nepasiekiamoje vietoje.<\/p>\n","protected":false},"excerpt":{"rendered":"<p>Suteikia spindesio, pary\u0161kina skruostikaulius, l\u016bpas, antakius ir nosikaulius. Sud\u0117tyje yra vitamino E ir makadamij\u0173 aliejaus, kurie dr\u0117kina od\u0105. Po kiekvieno naudojimo sandariai u\u017edarykite dangtel\u012f. Jei pasikei\u010dia kvapas ar i\u0161vaizda, nebenaudokite. Tik i\u0161oriniam naudojimui. Laikyti 20\u201325 \u00b0C temperat\u016broje, toliau nuo tiesiogini\u0173 saul\u0117s spinduli\u0173. Laikyti vaikams nepasiekiamoje vietoje.<\/p>\n","protected":false},"featured_media":95370,"template":"","meta":[],"product_cat":[1490],"product_tag":[],"class_list":{"0":"post-76226","1":"product","2":"type-product","3":"status-publish","4":"has-post-thumbnail","6":"product_brand-top-face-tr-lt","7":"product_cat-korektoriai","9":"first","10":"instock","11":"taxable","12":"shipping-taxable","13":"product-type-simple"},"_links":{"self":[{"href":"https:\/\/e.kosmolat.eu\/lt\/wp-json\/wp\/v2\/product\/76226","targetHints":{"allow":["GET"]}}],"collection":[{"href":"https:\/\/e.kosmolat.eu\/lt\/wp-json\/wp\/v2\/product"}],"about":[{"href":"https:\/\/e.kosmolat.eu\/lt\/wp-json\/wp\/v2\/types\/product"}],"wp:featuredmedia":[{"embeddable":true,"href":"https:\/\/e.kosmolat.eu\/lt\/wp-json\/wp\/v2\/media\/95370"}],"wp:attachment":[{"href":"https:\/\/e.kosmolat.eu\/lt\/wp-json\/wp\/v2\/media?parent=76226"}],"wp:term":[{"taxonomy":"product_cat","embeddable":true,"href":"https:\/\/e.kosmolat.eu\/lt\/wp-json\/wp\/v2\/product_cat?post=76226"},{"taxonomy":"product_tag","embeddable":true,"href":"https:\/\/e.kosmolat.eu\/lt\/wp-json\/wp\/v2\/product_tag?post=76226"}],"curies":[{"name":"wp","href":"https:\/\/api.w.org\/{rel}","templated":true}]}}