{"id":76202,"date":"2025-07-22T04:06:25","date_gmt":"2025-07-22T04:06:25","guid":{"rendered":"https:\/\/e.kosmolat.eu\/product\/anti-aging-pretnovec-tonal-kr-tonis-03-zilonkauls-30-ml\/"},"modified":"2026-04-10T07:44:39","modified_gmt":"2026-04-10T07:44:39","slug":"anti-aging-pretnovec-tonal-kr-tonis-03-zilonkauls-30-ml","status":"publish","type":"product","link":"https:\/\/e.kosmolat.eu\/lt\/produktas\/anti-aging-pretnovec-tonal-kr-tonis-03-zilonkauls-30-ml\/","title":{"rendered":"QUIZ Anti-Aging makia\u017eo pagrindas, tonas 03 Ivory, 30 ml"},"content":{"rendered":"<p>I\u0161bandykite \u0161\u012f sen\u0117jim\u0105 stabdant\u012f makia\u017eo pagrind\u0105 \u0161iandien ir patirkite lygesn\u0117s, labiau dr\u0117kinamos, jauniau atrodan\u010dios odos privalumus.<\/p>\n<p>Nurodymai: U\u017etepkite produkt\u0105 ant veido kempine, pir\u0161tais ar \u0161epet\u0117liu. Kruop\u0161\u010diai paskleiskite.<\/p>\n<p>Laikyti nuo +2 \u00b0C iki +25 \u00b0C temperat\u016broje.<\/p>\n","protected":false},"excerpt":{"rendered":"<p>I\u0161bandykite \u0161\u012f sen\u0117jim\u0105 stabdant\u012f makia\u017eo pagrind\u0105 \u0161iandien ir patirkite lygesn\u0117s, labiau dr\u0117kinamos, jauniau atrodan\u010dios odos privalumus. Nurodymai: U\u017etepkite produkt\u0105 ant veido kempine, pir\u0161tais ar \u0161epet\u0117liu. Kruop\u0161\u010diai paskleiskite. Laikyti nuo +2 \u00b0C iki +25 \u00b0C temperat\u016broje.<\/p>\n","protected":false},"featured_media":94122,"template":"","meta":[],"product_cat":[1291],"product_tag":[],"class_list":{"0":"post-76202","1":"product","2":"type-product","3":"status-publish","4":"has-post-thumbnail","6":"product_brand-quiz_bim_pl-lt","7":"product_cat-makiazo-pagrindas","9":"first","10":"instock","11":"taxable","12":"shipping-taxable","13":"product-type-simple"},"_links":{"self":[{"href":"https:\/\/e.kosmolat.eu\/lt\/wp-json\/wp\/v2\/product\/76202","targetHints":{"allow":["GET"]}}],"collection":[{"href":"https:\/\/e.kosmolat.eu\/lt\/wp-json\/wp\/v2\/product"}],"about":[{"href":"https:\/\/e.kosmolat.eu\/lt\/wp-json\/wp\/v2\/types\/product"}],"wp:featuredmedia":[{"embeddable":true,"href":"https:\/\/e.kosmolat.eu\/lt\/wp-json\/wp\/v2\/media\/94122"}],"wp:attachment":[{"href":"https:\/\/e.kosmolat.eu\/lt\/wp-json\/wp\/v2\/media?parent=76202"}],"wp:term":[{"taxonomy":"product_cat","embeddable":true,"href":"https:\/\/e.kosmolat.eu\/lt\/wp-json\/wp\/v2\/product_cat?post=76202"},{"taxonomy":"product_tag","embeddable":true,"href":"https:\/\/e.kosmolat.eu\/lt\/wp-json\/wp\/v2\/product_tag?post=76202"}],"curies":[{"name":"wp","href":"https:\/\/api.w.org\/{rel}","templated":true}]}}