{"id":76186,"date":"2025-07-22T04:05:54","date_gmt":"2025-07-22T04:05:54","guid":{"rendered":"https:\/\/e.kosmolat.eu\/product\/matte-match-mousse-tonal-kr-tonis-03-shell-30-ml\/"},"modified":"2026-04-10T07:12:35","modified_gmt":"2026-04-10T07:12:35","slug":"matte-match-mousse-tonal-kr-tonis-03-shell-30-ml","status":"publish","type":"product","link":"https:\/\/e.kosmolat.eu\/lt\/produktas\/matte-match-mousse-tonal-kr-tonis-03-shell-30-ml\/","title":{"rendered":"QUIZ Matte-Match Mousse Tonuojantis kremas, tonas 03 Shell, 30 ml"},"content":{"rendered":"<p>Matte-Match Mousse makia\u017eo pagrindas puikiai prisitaiko prie j\u016bs\u0173 odos tono. Maloni vegani\u0161ka formul\u0117 lengvai tepasi ir ilgai i\u0161lieka.<\/p>\n<p>Laikyti nuo +2 \u00b0C iki +25 \u00b0C temperat\u016broje.<\/p>\n","protected":false},"excerpt":{"rendered":"<p>Matte-Match Mousse makia\u017eo pagrindas puikiai prisitaiko prie j\u016bs\u0173 odos tono. Maloni vegani\u0161ka formul\u0117 lengvai tepasi ir ilgai i\u0161lieka. Laikyti nuo +2 \u00b0C iki +25 \u00b0C temperat\u016broje.<\/p>\n","protected":false},"featured_media":93722,"template":"","meta":[],"product_cat":[1291],"product_tag":[],"class_list":{"0":"post-76186","1":"product","2":"type-product","3":"status-publish","4":"has-post-thumbnail","6":"product_brand-quiz_bim_pl-lt","7":"product_cat-makiazo-pagrindas","9":"first","10":"instock","11":"taxable","12":"shipping-taxable","13":"product-type-simple"},"_links":{"self":[{"href":"https:\/\/e.kosmolat.eu\/lt\/wp-json\/wp\/v2\/product\/76186","targetHints":{"allow":["GET"]}}],"collection":[{"href":"https:\/\/e.kosmolat.eu\/lt\/wp-json\/wp\/v2\/product"}],"about":[{"href":"https:\/\/e.kosmolat.eu\/lt\/wp-json\/wp\/v2\/types\/product"}],"wp:featuredmedia":[{"embeddable":true,"href":"https:\/\/e.kosmolat.eu\/lt\/wp-json\/wp\/v2\/media\/93722"}],"wp:attachment":[{"href":"https:\/\/e.kosmolat.eu\/lt\/wp-json\/wp\/v2\/media?parent=76186"}],"wp:term":[{"taxonomy":"product_cat","embeddable":true,"href":"https:\/\/e.kosmolat.eu\/lt\/wp-json\/wp\/v2\/product_cat?post=76186"},{"taxonomy":"product_tag","embeddable":true,"href":"https:\/\/e.kosmolat.eu\/lt\/wp-json\/wp\/v2\/product_tag?post=76186"}],"curies":[{"name":"wp","href":"https:\/\/api.w.org\/{rel}","templated":true}]}}