{"id":76106,"date":"2025-07-22T04:03:09","date_gmt":"2025-07-22T04:03:09","guid":{"rendered":"https:\/\/e.kosmolat.eu\/product\/camouflage-mask-tonal-kr-ar-e-vit-tonis-01-soft-beige-30-ml\/"},"modified":"2026-04-10T07:02:36","modified_gmt":"2026-04-10T07:02:36","slug":"camouflage-mask-tonal-kr-ar-e-vit-tonis-01-soft-beige-30-ml","status":"publish","type":"product","link":"https:\/\/e.kosmolat.eu\/lt\/produktas\/camouflage-mask-tonal-kr-ar-e-vit-tonis-01-soft-beige-30-ml\/","title":{"rendered":"QUIZ Camouflage Tonuojantis kremas su vitaminu E, tonas 01 Soft Beige, 30 g"},"content":{"rendered":"<p>\u2022 Puikiai paslepia odos tr\u016bkumus<br \/>\n\u2022 Paslepia kraujagysles, paraudim\u0105 ir b\u0117rimus<br \/>\n\u2022 Dr\u0117kina od\u0105<br \/>\n\u2022 Suteikia matin\u012f pavir\u0161i\u0173<br \/>\n\u2022 Sugeria sebumo pertekli\u0173<\/p>\n<p>Laikyti nuo +2\u00b0C iki +25\u00b0C temperat\u016broje.<\/p>\n","protected":false},"excerpt":{"rendered":"<p>\u2022 Puikiai paslepia odos tr\u016bkumus \u2022 Paslepia kraujagysles, paraudim\u0105 ir b\u0117rimus \u2022 Dr\u0117kina od\u0105 \u2022 Suteikia matin\u012f pavir\u0161i\u0173 \u2022 Sugeria sebumo pertekli\u0173 Laikyti nuo +2\u00b0C iki +25\u00b0C temperat\u016broje.<\/p>\n","protected":false},"featured_media":93546,"template":"","meta":[],"product_cat":[1291],"product_tag":[],"class_list":{"0":"post-76106","1":"product","2":"type-product","3":"status-publish","4":"has-post-thumbnail","6":"product_brand-quiz_bim_pl-lt","7":"product_cat-makiazo-pagrindas","9":"first","10":"instock","11":"taxable","12":"shipping-taxable","13":"product-type-simple"},"_links":{"self":[{"href":"https:\/\/e.kosmolat.eu\/lt\/wp-json\/wp\/v2\/product\/76106","targetHints":{"allow":["GET"]}}],"collection":[{"href":"https:\/\/e.kosmolat.eu\/lt\/wp-json\/wp\/v2\/product"}],"about":[{"href":"https:\/\/e.kosmolat.eu\/lt\/wp-json\/wp\/v2\/types\/product"}],"wp:featuredmedia":[{"embeddable":true,"href":"https:\/\/e.kosmolat.eu\/lt\/wp-json\/wp\/v2\/media\/93546"}],"wp:attachment":[{"href":"https:\/\/e.kosmolat.eu\/lt\/wp-json\/wp\/v2\/media?parent=76106"}],"wp:term":[{"taxonomy":"product_cat","embeddable":true,"href":"https:\/\/e.kosmolat.eu\/lt\/wp-json\/wp\/v2\/product_cat?post=76106"},{"taxonomy":"product_tag","embeddable":true,"href":"https:\/\/e.kosmolat.eu\/lt\/wp-json\/wp\/v2\/product_tag?post=76106"}],"curies":[{"name":"wp","href":"https:\/\/api.w.org\/{rel}","templated":true}]}}