{"id":76053,"date":"2025-07-19T04:06:51","date_gmt":"2025-07-19T04:06:51","guid":{"rendered":"https:\/\/e.kosmolat.eu\/product\/topface-skin-editor-korektors-007-5-5-ml\/"},"modified":"2026-04-11T19:05:27","modified_gmt":"2026-04-11T19:05:27","slug":"topface-skin-editor-konsilers-007-5-5-ml","status":"publish","type":"product","link":"https:\/\/e.kosmolat.eu\/lt\/produktas\/topface-skin-editor-konsilers-007-5-5-ml\/","title":{"rendered":"TOPFACE Skin Editor maskuoklis 007, 5,5 ml"},"content":{"rendered":"<p>Maskuoklis skirtas pasl\u0117pti tamsius ratilus po akimis ir suma\u017einti mimikos rauk\u0161les. Greitai dr\u0117kina, sukuria komforto poj\u016bt\u012f, oda aplink akis atrodo gaivi ir pri\u017ei\u016br\u0117ta. D\u0117l sodrios tekst\u016bros maskuoklis padeda pasl\u0117pti odos tr\u016bkumus, suteikia jai nat\u016bral\u0173 atspalv\u012f patrauklesnei i\u0161vaizdai ir apsaugo nuo rauk\u0161li\u0173. Patogus aplikatorius palengvina proces\u0105.<\/p>\n<p>Po kiekvieno naudojimo sandariai u\u017edarykite dangtel\u012f. Jei pasikei\u010dia kvapas ar i\u0161vaizda, nebenaudokite. Tik i\u0161oriniam naudojimui. Laikyti 20\u201325 \u00b0C temperat\u016broje, toliau nuo tiesiogini\u0173 saul\u0117s spinduli\u0173. Laikyti vaikams nepasiekiamoje vietoje.<\/p>\n","protected":false},"excerpt":{"rendered":"<p>Maskuoklis skirtas pasl\u0117pti tamsius ratilus po akimis ir suma\u017einti mimikos rauk\u0161les. Greitai dr\u0117kina, sukuria komforto poj\u016bt\u012f, oda aplink akis atrodo gaivi ir pri\u017ei\u016br\u0117ta. D\u0117l sodrios tekst\u016bros maskuoklis padeda pasl\u0117pti odos tr\u016bkumus, suteikia jai nat\u016bral\u0173 atspalv\u012f patrauklesnei i\u0161vaizdai ir apsaugo nuo rauk\u0161li\u0173. Patogus aplikatorius palengvina proces\u0105. Po kiekvieno naudojimo sandariai u\u017edarykite dangtel\u012f. Jei pasikei\u010dia kvapas ar [&#8230;]\n","protected":false},"featured_media":95358,"template":"","meta":[],"product_cat":[1490],"product_tag":[],"class_list":{"0":"post-76053","1":"product","2":"type-product","3":"status-publish","4":"has-post-thumbnail","6":"product_brand-top-face-tr-lt","7":"product_cat-korektoriai","9":"first","10":"instock","11":"taxable","12":"shipping-taxable","13":"product-type-simple"},"_links":{"self":[{"href":"https:\/\/e.kosmolat.eu\/lt\/wp-json\/wp\/v2\/product\/76053","targetHints":{"allow":["GET"]}}],"collection":[{"href":"https:\/\/e.kosmolat.eu\/lt\/wp-json\/wp\/v2\/product"}],"about":[{"href":"https:\/\/e.kosmolat.eu\/lt\/wp-json\/wp\/v2\/types\/product"}],"wp:featuredmedia":[{"embeddable":true,"href":"https:\/\/e.kosmolat.eu\/lt\/wp-json\/wp\/v2\/media\/95358"}],"wp:attachment":[{"href":"https:\/\/e.kosmolat.eu\/lt\/wp-json\/wp\/v2\/media?parent=76053"}],"wp:term":[{"taxonomy":"product_cat","embeddable":true,"href":"https:\/\/e.kosmolat.eu\/lt\/wp-json\/wp\/v2\/product_cat?post=76053"},{"taxonomy":"product_tag","embeddable":true,"href":"https:\/\/e.kosmolat.eu\/lt\/wp-json\/wp\/v2\/product_tag?post=76053"}],"curies":[{"name":"wp","href":"https:\/\/api.w.org\/{rel}","templated":true}]}}