{"id":76021,"date":"2025-07-19T04:05:42","date_gmt":"2025-07-19T04:05:42","guid":{"rendered":"https:\/\/e.kosmolat.eu\/product\/topface-skin-editor-207-matets-ilgnotur-tonalais-kr-12-h-spf-20-32-ml\/"},"modified":"2026-04-11T19:04:26","modified_gmt":"2026-04-11T19:04:26","slug":"topface-skin-editor-207-matets-ilgnotur-tonalais-kr-12-h-spf-20-32-ml","status":"publish","type":"product","link":"https:\/\/e.kosmolat.eu\/lt\/produktas\/topface-skin-editor-207-matets-ilgnotur-tonalais-kr-12-h-spf-20-32-ml\/","title":{"rendered":"TOPFACE Skin Editor ilgai i\u0161liekantis matinis tonuojantis kremas 12 H, SPF 20, 207, 32 ml"},"content":{"rendered":"<p>Tonuojantis pagrindas praturtintas veikli\u0173j\u0173 med\u017eiag\u0173 deriniu, suteikian\u010diu matin\u012f efekt\u0105. Formul\u0117je esantys mineralai padeda suma\u017einti rauk\u0161li\u0173 atsiradim\u0105 jos neperd\u017eiovindami. \u201eSkin Editor Matte Foundation\u201c yra geriausias pasirinkimas norint matinio, lygaus odos efekto, o SPF 20 padeda apsaugoti od\u0105 nuo \u017ealing\u0173 UV spinduli\u0173..Sud\u0117tyje yra Benzophenone-3.<\/p>\n<p>Prie\u0161 naudojim\u0105 gerai suplakti. Po kiekvieno naudojimo sandariai u\u017edarykite dangtel\u012f. Nustokite naudoti, jei pasikei\u010dia kvapas ar i\u0161vaizda. Tik i\u0161oriniam naudojimui. Laikyti 20\u201325 \u00b0C temperat\u016broje, toliau nuo tiesiogini\u0173 saul\u0117s spinduli\u0173. Laikyti vaikams nepasiekiamoje vietoje.<\/p>\n","protected":false},"excerpt":{"rendered":"<p>Tonuojantis pagrindas praturtintas veikli\u0173j\u0173 med\u017eiag\u0173 deriniu, suteikian\u010diu matin\u012f efekt\u0105. Formul\u0117je esantys mineralai padeda suma\u017einti rauk\u0161li\u0173 atsiradim\u0105 jos neperd\u017eiovindami. \u201eSkin Editor Matte Foundation\u201c yra geriausias pasirinkimas norint matinio, lygaus odos efekto, o SPF 20 padeda apsaugoti od\u0105 nuo \u017ealing\u0173 UV spinduli\u0173..Sud\u0117tyje yra Benzophenone-3. Prie\u0161 naudojim\u0105 gerai suplakti. Po kiekvieno naudojimo sandariai u\u017edarykite dangtel\u012f. Nustokite naudoti, jei [&#8230;]\n","protected":false},"featured_media":95342,"template":"","meta":[],"product_cat":[1291],"product_tag":[],"class_list":{"0":"post-76021","1":"product","2":"type-product","3":"status-publish","4":"has-post-thumbnail","6":"product_brand-top-face-tr-lt","7":"product_cat-makiazo-pagrindas","9":"first","10":"instock","11":"taxable","12":"shipping-taxable","13":"product-type-simple"},"_links":{"self":[{"href":"https:\/\/e.kosmolat.eu\/lt\/wp-json\/wp\/v2\/product\/76021","targetHints":{"allow":["GET"]}}],"collection":[{"href":"https:\/\/e.kosmolat.eu\/lt\/wp-json\/wp\/v2\/product"}],"about":[{"href":"https:\/\/e.kosmolat.eu\/lt\/wp-json\/wp\/v2\/types\/product"}],"wp:featuredmedia":[{"embeddable":true,"href":"https:\/\/e.kosmolat.eu\/lt\/wp-json\/wp\/v2\/media\/95342"}],"wp:attachment":[{"href":"https:\/\/e.kosmolat.eu\/lt\/wp-json\/wp\/v2\/media?parent=76021"}],"wp:term":[{"taxonomy":"product_cat","embeddable":true,"href":"https:\/\/e.kosmolat.eu\/lt\/wp-json\/wp\/v2\/product_cat?post=76021"},{"taxonomy":"product_tag","embeddable":true,"href":"https:\/\/e.kosmolat.eu\/lt\/wp-json\/wp\/v2\/product_tag?post=76021"}],"curies":[{"name":"wp","href":"https:\/\/api.w.org\/{rel}","templated":true}]}}