{"id":75965,"date":"2025-07-19T04:03:42","date_gmt":"2025-07-19T04:03:42","guid":{"rendered":"https:\/\/e.kosmolat.eu\/product\/topface-skin-twin-010-sedzoss-tonalais-krems-spf-20-30-ml\/"},"modified":"2026-04-11T19:02:48","modified_gmt":"2026-04-11T19:02:48","slug":"topface-skin-twin-010-sedzoss-tonalais-krems-spf-20-30-ml","status":"publish","type":"product","link":"https:\/\/e.kosmolat.eu\/lt\/produktas\/topface-skin-twin-010-sedzoss-tonalais-krems-spf-20-30-ml\/","title":{"rendered":"TOPFACE Skin Twin tonuojantis pagrindas-kremas SPF 20, 010, 30 ml"},"content":{"rendered":"<p>Tonuojantis pagrindas suteikia nat\u016bral\u0173 ir ilgai i\u0161liekant\u012f atlasin\u012f atspalv\u012f, kad makia\u017eas b\u016bt\u0173 nepriekai\u0161tingas. Speciali formul\u0117 praturtinta dr\u0117kinam\u0173j\u0173, raminam\u0173j\u0173 ir antioksidacini\u0173 savybi\u0173 turin\u010diais ingredientais. Makia\u017eo pagrindas suteiks j\u016bs\u0173 veidui \u0161ilko \u0161velnumo, lengvumo ir dr\u0117gm\u0117s poj\u016bt\u012f. Formul\u0117je esantis SPF 20 apsaugo od\u0105 nuo \u017ealingo ultravioletini\u0173 spinduli\u0173 poveikio.Sud\u0117tyje yra Benzophenone-3.<\/p>\n<p>Prie\u0161 naudojim\u0105 gerai suplakti. Po kiekvieno naudojimo sandariai u\u017edarykite dangtel\u012f. Nustokite naudoti, jei pasikei\u010dia kvapas ar i\u0161vaizda. Tik i\u0161oriniam naudojimui. Laikyti 20\u201325 \u00b0C temperat\u016broje, toliau nuo tiesiogini\u0173 saul\u0117s spinduli\u0173. Laikyti vaikams nepasiekiamoje vietoje.<\/p>\n","protected":false},"excerpt":{"rendered":"<p>Tonuojantis pagrindas suteikia nat\u016bral\u0173 ir ilgai i\u0161liekant\u012f atlasin\u012f atspalv\u012f, kad makia\u017eas b\u016bt\u0173 nepriekai\u0161tingas. Speciali formul\u0117 praturtinta dr\u0117kinam\u0173j\u0173, raminam\u0173j\u0173 ir antioksidacini\u0173 savybi\u0173 turin\u010diais ingredientais. Makia\u017eo pagrindas suteiks j\u016bs\u0173 veidui \u0161ilko \u0161velnumo, lengvumo ir dr\u0117gm\u0117s poj\u016bt\u012f. Formul\u0117je esantis SPF 20 apsaugo od\u0105 nuo \u017ealingo ultravioletini\u0173 spinduli\u0173 poveikio.Sud\u0117tyje yra Benzophenone-3. Prie\u0161 naudojim\u0105 gerai suplakti. Po kiekvieno naudojimo sandariai [&#8230;]\n","protected":false},"featured_media":95314,"template":"","meta":[],"product_cat":[1291],"product_tag":[],"class_list":{"0":"post-75965","1":"product","2":"type-product","3":"status-publish","4":"has-post-thumbnail","6":"product_brand-top-face-tr-lt","7":"product_cat-makiazo-pagrindas","9":"first","10":"instock","11":"taxable","12":"shipping-taxable","13":"product-type-simple"},"_links":{"self":[{"href":"https:\/\/e.kosmolat.eu\/lt\/wp-json\/wp\/v2\/product\/75965","targetHints":{"allow":["GET"]}}],"collection":[{"href":"https:\/\/e.kosmolat.eu\/lt\/wp-json\/wp\/v2\/product"}],"about":[{"href":"https:\/\/e.kosmolat.eu\/lt\/wp-json\/wp\/v2\/types\/product"}],"wp:featuredmedia":[{"embeddable":true,"href":"https:\/\/e.kosmolat.eu\/lt\/wp-json\/wp\/v2\/media\/95314"}],"wp:attachment":[{"href":"https:\/\/e.kosmolat.eu\/lt\/wp-json\/wp\/v2\/media?parent=75965"}],"wp:term":[{"taxonomy":"product_cat","embeddable":true,"href":"https:\/\/e.kosmolat.eu\/lt\/wp-json\/wp\/v2\/product_cat?post=75965"},{"taxonomy":"product_tag","embeddable":true,"href":"https:\/\/e.kosmolat.eu\/lt\/wp-json\/wp\/v2\/product_tag?post=75965"}],"curies":[{"name":"wp","href":"https:\/\/api.w.org\/{rel}","templated":true}]}}