{"id":75933,"date":"2025-07-19T04:02:36","date_gmt":"2025-07-19T04:02:36","guid":{"rendered":"https:\/\/e.kosmolat.eu\/product\/topface-instyle-204-perfect-coverage-tonalais-krems-spf-20-30-ml\/"},"modified":"2026-04-11T19:01:54","modified_gmt":"2026-04-11T19:01:54","slug":"topface-instyle-204-perfect-coverage-tonalais-krems-spf-20-30-ml","status":"publish","type":"product","link":"https:\/\/e.kosmolat.eu\/lt\/produktas\/topface-instyle-204-perfect-coverage-tonalais-krems-spf-20-30-ml\/","title":{"rendered":"TOPFACE Instyle Perfect Coverage tonuojantis kremas SPF 20, 204, 30 ml"},"content":{"rendered":"<p>Puikus padengimas vis\u0105 dien\u0105, dr\u0117kinamoji formul\u0117. Viskas viename. Palmaria Palmata ekstraktas suteikia odai nat\u016bral\u0173 ir sveik\u0105 atspalv\u012f. Formul\u0117je yra mineral\u0173, kurie palaiko odos dr\u0117gm\u0117s balans\u0105. SPF 20 apsaugo nuo \u017ealingo saul\u0117s spinduli\u0173 poveikio. Moderni neinvazin\u0117 formul\u0117, u\u017etikrinanti tobul\u0105 veido spalv\u0105. Sud\u0117tyje yra benzofenono-3.<\/p>\n<p>Prie\u0161 naudojim\u0105 gerai suplakti. Po kiekvieno naudojimo sandariai u\u017edarykite dangtel\u012f. Nustokite naudoti, jei pasikei\u010dia kvapas ar i\u0161vaizda. Tik i\u0161oriniam naudojimui. Laikyti 20\u201325 \u00b0C temperat\u016broje, toliau nuo tiesiogini\u0173 saul\u0117s spinduli\u0173. Laikyti vaikams nepasiekiamoje vietoje.<\/p>\n","protected":false},"excerpt":{"rendered":"<p>Puikus padengimas vis\u0105 dien\u0105, dr\u0117kinamoji formul\u0117. Viskas viename. Palmaria Palmata ekstraktas suteikia odai nat\u016bral\u0173 ir sveik\u0105 atspalv\u012f. Formul\u0117je yra mineral\u0173, kurie palaiko odos dr\u0117gm\u0117s balans\u0105. SPF 20 apsaugo nuo \u017ealingo saul\u0117s spinduli\u0173 poveikio. Moderni neinvazin\u0117 formul\u0117, u\u017etikrinanti tobul\u0105 veido spalv\u0105. Sud\u0117tyje yra benzofenono-3. Prie\u0161 naudojim\u0105 gerai suplakti. Po kiekvieno naudojimo sandariai u\u017edarykite dangtel\u012f. Nustokite naudoti, [&#8230;]\n","protected":false},"featured_media":95298,"template":"","meta":[],"product_cat":[1291],"product_tag":[],"class_list":{"0":"post-75933","1":"product","2":"type-product","3":"status-publish","4":"has-post-thumbnail","6":"product_brand-top-face-tr-lt","7":"product_cat-makiazo-pagrindas","9":"first","10":"instock","11":"taxable","12":"shipping-taxable","13":"product-type-simple"},"_links":{"self":[{"href":"https:\/\/e.kosmolat.eu\/lt\/wp-json\/wp\/v2\/product\/75933","targetHints":{"allow":["GET"]}}],"collection":[{"href":"https:\/\/e.kosmolat.eu\/lt\/wp-json\/wp\/v2\/product"}],"about":[{"href":"https:\/\/e.kosmolat.eu\/lt\/wp-json\/wp\/v2\/types\/product"}],"wp:featuredmedia":[{"embeddable":true,"href":"https:\/\/e.kosmolat.eu\/lt\/wp-json\/wp\/v2\/media\/95298"}],"wp:attachment":[{"href":"https:\/\/e.kosmolat.eu\/lt\/wp-json\/wp\/v2\/media?parent=75933"}],"wp:term":[{"taxonomy":"product_cat","embeddable":true,"href":"https:\/\/e.kosmolat.eu\/lt\/wp-json\/wp\/v2\/product_cat?post=75933"},{"taxonomy":"product_tag","embeddable":true,"href":"https:\/\/e.kosmolat.eu\/lt\/wp-json\/wp\/v2\/product_tag?post=75933"}],"curies":[{"name":"wp","href":"https:\/\/api.w.org\/{rel}","templated":true}]}}