{"id":75877,"date":"2025-07-19T04:00:49","date_gmt":"2025-07-19T04:00:49","guid":{"rendered":"https:\/\/e.kosmolat.eu\/product\/topface-skin-editor-003-matejoss-bb-krems-spf-15-30-ml\/"},"modified":"2025-09-22T09:43:46","modified_gmt":"2025-09-22T09:43:46","slug":"topface-skin-editor-003-matejoss-bb-krems-spf-15-30-ml","status":"publish","type":"product","link":"https:\/\/e.kosmolat.eu\/lt\/produktas\/topface-skin-editor-003-matejoss-bb-krems-spf-15-30-ml\/","title":{"rendered":"TOPFACE Skin Editor matin\u012f poveik\u012f suteikiantis BB kremas SPF 15, 003, 30 ml"},"content":{"rendered":"<p>BB kremas d\u0117l unikalios formul\u0117s, praturtintos augaliniu taurinu, turi daug privalum\u0173 \u2013 ma\u017eina sen\u0117jimo po\u017eymius, gaivina od\u0105, i\u0161lygina tonus\u0105, suteikia energijos, suma\u017eina poras, apsaugo nuo \u017ealing\u0173 UV spinduli\u0173, suteikia matin\u012f atspalv\u012f. I\u0161lieka ant odos iki 12 valand\u0173. Sud\u0117tyje yra benzofenono-3.<\/p>\n<p>Prie\u0161 naudojim\u0105 gerai suplakti. Po kiekvieno naudojimo sandariai u\u017edarykite dangtel\u012f. Nustokite naudoti, jei pasikei\u010dia kvapas ar i\u0161vaizda. Tik i\u0161oriniam naudojimui. Laikyti 20\u201325 \u00b0C temperat\u016broje, toliau nuo tiesiogini\u0173 saul\u0117s spinduli\u0173. Laikyti vaikams nepasiekiamoje vietoje.<\/p>\n","protected":false},"excerpt":{"rendered":"<p>BB kremas d\u0117l unikalios formul\u0117s, praturtintos augaliniu taurinu, turi daug privalum\u0173 \u2013 ma\u017eina sen\u0117jimo po\u017eymius, gaivina od\u0105, i\u0161lygina tonus\u0105, suteikia energijos, suma\u017eina poras, apsaugo nuo \u017ealing\u0173 UV spinduli\u0173, suteikia matin\u012f atspalv\u012f. I\u0161lieka ant odos iki 12 valand\u0173. Sud\u0117tyje yra benzofenono-3. Prie\u0161 naudojim\u0105 gerai suplakti. Po kiekvieno naudojimo sandariai u\u017edarykite dangtel\u012f. Nustokite naudoti, jei pasikei\u010dia kvapas [&#8230;]\n","protected":false},"featured_media":95010,"template":"","meta":[],"product_cat":[1291],"product_tag":[],"class_list":{"0":"post-75877","1":"product","2":"type-product","3":"status-publish","4":"has-post-thumbnail","6":"product_brand-top-face-tr-lt","7":"product_cat-makiazo-pagrindas","9":"first","10":"outofstock","11":"taxable","12":"shipping-taxable","13":"product-type-simple"},"_links":{"self":[{"href":"https:\/\/e.kosmolat.eu\/lt\/wp-json\/wp\/v2\/product\/75877","targetHints":{"allow":["GET"]}}],"collection":[{"href":"https:\/\/e.kosmolat.eu\/lt\/wp-json\/wp\/v2\/product"}],"about":[{"href":"https:\/\/e.kosmolat.eu\/lt\/wp-json\/wp\/v2\/types\/product"}],"wp:featuredmedia":[{"embeddable":true,"href":"https:\/\/e.kosmolat.eu\/lt\/wp-json\/wp\/v2\/media\/95010"}],"wp:attachment":[{"href":"https:\/\/e.kosmolat.eu\/lt\/wp-json\/wp\/v2\/media?parent=75877"}],"wp:term":[{"taxonomy":"product_cat","embeddable":true,"href":"https:\/\/e.kosmolat.eu\/lt\/wp-json\/wp\/v2\/product_cat?post=75877"},{"taxonomy":"product_tag","embeddable":true,"href":"https:\/\/e.kosmolat.eu\/lt\/wp-json\/wp\/v2\/product_tag?post=75877"}],"curies":[{"name":"wp","href":"https:\/\/api.w.org\/{rel}","templated":true}]}}