{"id":75869,"date":"2025-07-19T04:00:32","date_gmt":"2025-07-19T04:00:32","guid":{"rendered":"https:\/\/e.kosmolat.eu\/product\/topface-profesionals-kosmetikas-suklis\/"},"modified":"2026-03-31T21:37:17","modified_gmt":"2026-03-31T21:37:17","slug":"topface-profesionals-kosmetikas-suklis","status":"publish","type":"product","link":"https:\/\/e.kosmolat.eu\/lt\/produktas\/topface-profesionals-kosmetikas-suklis\/","title":{"rendered":"TOPFACE profesionali makia\u017eo kempin\u0117"},"content":{"rendered":"<p>Kempin\u0117l\u0117 specialiai sukurta profesionaliam makia\u017eo tepimui. Ji supaprastina toki\u0173 produkt\u0173 kaip makia\u017eo pagrindas, pudra, skysti skaistalai ir highlighter\u2019iai paskirstym\u0105.<\/p>\n<p>Naudojimas: U\u017etepkite m\u0117gstam\u0105 produkt\u0105 ant veido pla\u010di\u0105ja kempin\u0117l\u0117s dalimi tap\u0161nodami. Siauresn\u0117ms vietoms naudokite kempin\u0117l\u0117s galiuk\u0105, kad b\u016bt\u0173 lengviau naudoti. Kempin\u0117l\u0117 tinka sausam ir \u0161lapiam naudojimui. Po naudojimo kempin\u0117l\u0119 nuvalykite ir kruop\u0161\u010diai nuplaukite \u0161iltu vandeniu.<\/p>\n<p>\u012esp\u0117jimas: Laikyti vaikams nepasiekiamoje vietoje.<\/p>\n","protected":false},"excerpt":{"rendered":"<p>Kempin\u0117l\u0117 specialiai sukurta profesionaliam makia\u017eo tepimui. Ji supaprastina toki\u0173 produkt\u0173 kaip makia\u017eo pagrindas, pudra, skysti skaistalai ir highlighter\u2019iai paskirstym\u0105. Naudojimas: U\u017etepkite m\u0117gstam\u0105 produkt\u0105 ant veido pla\u010di\u0105ja kempin\u0117l\u0117s dalimi tap\u0161nodami. Siauresn\u0117ms vietoms naudokite kempin\u0117l\u0117s galiuk\u0105, kad b\u016bt\u0173 lengviau naudoti. Kempin\u0117l\u0117 tinka sausam ir \u0161lapiam naudojimui. Po naudojimo kempin\u0117l\u0119 nuvalykite ir kruop\u0161\u010diai nuplaukite \u0161iltu vandeniu. \u012esp\u0117jimas: Laikyti [&#8230;]\n","protected":false},"featured_media":95654,"template":"","meta":[],"product_cat":[1551],"product_tag":[],"class_list":{"0":"post-75869","1":"product","2":"type-product","3":"status-publish","4":"has-post-thumbnail","6":"product_brand-top-face-tr-lt","7":"product_cat-kempineles-ir-aplikatoriai","9":"first","10":"outofstock","11":"taxable","12":"shipping-taxable","13":"product-type-simple"},"_links":{"self":[{"href":"https:\/\/e.kosmolat.eu\/lt\/wp-json\/wp\/v2\/product\/75869","targetHints":{"allow":["GET"]}}],"collection":[{"href":"https:\/\/e.kosmolat.eu\/lt\/wp-json\/wp\/v2\/product"}],"about":[{"href":"https:\/\/e.kosmolat.eu\/lt\/wp-json\/wp\/v2\/types\/product"}],"wp:featuredmedia":[{"embeddable":true,"href":"https:\/\/e.kosmolat.eu\/lt\/wp-json\/wp\/v2\/media\/95654"}],"wp:attachment":[{"href":"https:\/\/e.kosmolat.eu\/lt\/wp-json\/wp\/v2\/media?parent=75869"}],"wp:term":[{"taxonomy":"product_cat","embeddable":true,"href":"https:\/\/e.kosmolat.eu\/lt\/wp-json\/wp\/v2\/product_cat?post=75869"},{"taxonomy":"product_tag","embeddable":true,"href":"https:\/\/e.kosmolat.eu\/lt\/wp-json\/wp\/v2\/product_tag?post=75869"}],"curies":[{"name":"wp","href":"https:\/\/api.w.org\/{rel}","templated":true}]}}