{"id":75844,"date":"2025-07-18T04:12:03","date_gmt":"2025-07-18T04:12:03","guid":{"rendered":"https:\/\/e.kosmolat.eu\/product\/matu-kemme-223-cm-9804\/"},"modified":"2026-04-22T13:35:45","modified_gmt":"2026-04-22T13:35:45","slug":"matu-kemme-223-cm-9804","status":"publish","type":"product","link":"https:\/\/e.kosmolat.eu\/lt\/produktas\/matu-kemme-223-cm-9804\/","title":{"rendered":"Plauk\u0173 \u0161ukos 22,3 cm 9804"},"content":{"rendered":"<p>Plauk\u0173 \u0161ukos.<\/p>\n","protected":false},"excerpt":{"rendered":"<p>Plauk\u0173 \u0161ukos.<\/p>\n","protected":false},"featured_media":81114,"template":"","meta":[],"product_cat":[2181],"product_tag":[],"class_list":{"0":"post-75844","1":"product","2":"type-product","3":"status-publish","4":"has-post-thumbnail","6":"product_brand-donegal-sp-zo-o-_pl-lt","7":"product_cat-bez-kategorijas-lt","9":"first","10":"instock","11":"taxable","12":"shipping-taxable","13":"product-type-simple"},"_links":{"self":[{"href":"https:\/\/e.kosmolat.eu\/lt\/wp-json\/wp\/v2\/product\/75844","targetHints":{"allow":["GET"]}}],"collection":[{"href":"https:\/\/e.kosmolat.eu\/lt\/wp-json\/wp\/v2\/product"}],"about":[{"href":"https:\/\/e.kosmolat.eu\/lt\/wp-json\/wp\/v2\/types\/product"}],"wp:featuredmedia":[{"embeddable":true,"href":"https:\/\/e.kosmolat.eu\/lt\/wp-json\/wp\/v2\/media\/81114"}],"wp:attachment":[{"href":"https:\/\/e.kosmolat.eu\/lt\/wp-json\/wp\/v2\/media?parent=75844"}],"wp:term":[{"taxonomy":"product_cat","embeddable":true,"href":"https:\/\/e.kosmolat.eu\/lt\/wp-json\/wp\/v2\/product_cat?post=75844"},{"taxonomy":"product_tag","embeddable":true,"href":"https:\/\/e.kosmolat.eu\/lt\/wp-json\/wp\/v2\/product_tag?post=75844"}],"curies":[{"name":"wp","href":"https:\/\/api.w.org\/{rel}","templated":true}]}}