{"id":75836,"date":"2025-07-18T04:11:46","date_gmt":"2025-07-18T04:11:46","guid":{"rendered":"https:\/\/e.kosmolat.eu\/product\/matu-kemme-9305\/"},"modified":"2026-04-01T16:51:22","modified_gmt":"2026-04-01T16:51:22","slug":"matu-kemme-9305","status":"publish","type":"product","link":"https:\/\/e.kosmolat.eu\/lt\/produktas\/matu-kemme-9305\/","title":{"rendered":"Plauk\u0173 \u0161ukos 9305"},"content":{"rendered":"<p>Plastmasin\u0117s plauk\u0173 \u0161ukos.<br \/>\nPatvarios, lanks\u010dios, jeigu naudojate pagal paskirt\u012f.<br \/>\nAtlaiko auk\u0161t\u0105 temperat\u016br\u0105.<\/p>\n","protected":false},"excerpt":{"rendered":"<p>Plastmasin\u0117s plauk\u0173 \u0161ukos. Patvarios, lanks\u010dios, jeigu naudojate pagal paskirt\u012f. Atlaiko auk\u0161t\u0105 temperat\u016br\u0105.<\/p>\n","protected":false},"featured_media":79874,"template":"","meta":[],"product_cat":[1669],"product_tag":[],"class_list":{"0":"post-75836","1":"product","2":"type-product","3":"status-publish","4":"has-post-thumbnail","6":"product_brand-donegal-sp-zo-o-_pl-lt","7":"product_cat-plauku-aksesuarai","9":"first","10":"instock","11":"taxable","12":"shipping-taxable","13":"product-type-simple"},"_links":{"self":[{"href":"https:\/\/e.kosmolat.eu\/lt\/wp-json\/wp\/v2\/product\/75836","targetHints":{"allow":["GET"]}}],"collection":[{"href":"https:\/\/e.kosmolat.eu\/lt\/wp-json\/wp\/v2\/product"}],"about":[{"href":"https:\/\/e.kosmolat.eu\/lt\/wp-json\/wp\/v2\/types\/product"}],"wp:featuredmedia":[{"embeddable":true,"href":"https:\/\/e.kosmolat.eu\/lt\/wp-json\/wp\/v2\/media\/79874"}],"wp:attachment":[{"href":"https:\/\/e.kosmolat.eu\/lt\/wp-json\/wp\/v2\/media?parent=75836"}],"wp:term":[{"taxonomy":"product_cat","embeddable":true,"href":"https:\/\/e.kosmolat.eu\/lt\/wp-json\/wp\/v2\/product_cat?post=75836"},{"taxonomy":"product_tag","embeddable":true,"href":"https:\/\/e.kosmolat.eu\/lt\/wp-json\/wp\/v2\/product_tag?post=75836"}],"curies":[{"name":"wp","href":"https:\/\/api.w.org\/{rel}","templated":true}]}}