{"id":75788,"date":"2025-07-18T04:10:03","date_gmt":"2025-07-18T04:10:03","guid":{"rendered":"https:\/\/e.kosmolat.eu\/product\/topface-sens-pore-minimizer-003-mineralu-grima-baze-30-ml\/"},"modified":"2026-04-11T19:31:38","modified_gmt":"2026-04-11T19:31:38","slug":"topface-sens-pore-minimizer-003-mineralu-grima-baze-30-ml","status":"publish","type":"product","link":"https:\/\/e.kosmolat.eu\/lt\/produktas\/topface-sens-pore-minimizer-003-mineralu-grima-baze-30-ml\/","title":{"rendered":"TOPFACE Sensitive Pore Minimizer mineralinis makia\u017eo pagrindas 002, 30 ml"},"content":{"rendered":"<p>Ideali produkto formul\u0117 praturtinta vitamin\u0173 ir mineral\u0173 kompleksu. Lygina odos pavir\u0161i\u0173 ir suma\u017eina smulki\u0173 rauk\u0161leli\u0173 atsiradim\u0105. Puikiai paruo\u0161ia od\u0105 makia\u017eui.<\/p>\n<p>Naudojimas: tolygiai tepkite priemon\u0119 ant odos, i\u0161skyrus srit\u012f aplink akis.<\/p>\n<p>Tinka sausai ir jautriai odai. Sud\u0117tyje n\u0117ra gyv\u016bnin\u0117s kilm\u0117s produkt\u0173. Nebandyta su gyv\u016bnais. Prie\u0161 naudojim\u0105 gerai suplakti.<\/p>\n","protected":false},"excerpt":{"rendered":"<p>Ideali produkto formul\u0117 praturtinta vitamin\u0173 ir mineral\u0173 kompleksu. Lygina odos pavir\u0161i\u0173 ir suma\u017eina smulki\u0173 rauk\u0161leli\u0173 atsiradim\u0105. Puikiai paruo\u0161ia od\u0105 makia\u017eui. Naudojimas: tolygiai tepkite priemon\u0119 ant odos, i\u0161skyrus srit\u012f aplink akis. Tinka sausai ir jautriai odai. Sud\u0117tyje n\u0117ra gyv\u016bnin\u0117s kilm\u0117s produkt\u0173. Nebandyta su gyv\u016bnais. Prie\u0161 naudojim\u0105 gerai suplakti.<\/p>\n","protected":false},"featured_media":95242,"template":"","meta":[],"product_cat":[1291],"product_tag":[],"class_list":{"0":"post-75788","1":"product","2":"type-product","3":"status-publish","4":"has-post-thumbnail","6":"product_brand-top-face-tr-lt","7":"product_cat-makiazo-pagrindas","9":"first","10":"outofstock","11":"taxable","12":"shipping-taxable","13":"product-type-simple"},"_links":{"self":[{"href":"https:\/\/e.kosmolat.eu\/lt\/wp-json\/wp\/v2\/product\/75788","targetHints":{"allow":["GET"]}}],"collection":[{"href":"https:\/\/e.kosmolat.eu\/lt\/wp-json\/wp\/v2\/product"}],"about":[{"href":"https:\/\/e.kosmolat.eu\/lt\/wp-json\/wp\/v2\/types\/product"}],"wp:featuredmedia":[{"embeddable":true,"href":"https:\/\/e.kosmolat.eu\/lt\/wp-json\/wp\/v2\/media\/95242"}],"wp:attachment":[{"href":"https:\/\/e.kosmolat.eu\/lt\/wp-json\/wp\/v2\/media?parent=75788"}],"wp:term":[{"taxonomy":"product_cat","embeddable":true,"href":"https:\/\/e.kosmolat.eu\/lt\/wp-json\/wp\/v2\/product_cat?post=75788"},{"taxonomy":"product_tag","embeddable":true,"href":"https:\/\/e.kosmolat.eu\/lt\/wp-json\/wp\/v2\/product_tag?post=75788"}],"curies":[{"name":"wp","href":"https:\/\/api.w.org\/{rel}","templated":true}]}}