{"id":75780,"date":"2025-07-18T04:09:41","date_gmt":"2025-07-18T04:09:41","guid":{"rendered":"https:\/\/e.kosmolat.eu\/product\/topface-instyle-lasting-finish-korektors-001-3-5-ml\/"},"modified":"2026-04-11T19:38:24","modified_gmt":"2026-04-11T19:38:24","slug":"topface-instyle-lasting-finish-konsilers-001-3-5-ml","status":"publish","type":"product","link":"https:\/\/e.kosmolat.eu\/lt\/produktas\/topface-instyle-lasting-finish-konsilers-001-3-5-ml\/","title":{"rendered":"TOPFACE Instyle Lasting Finish maskuoklis 001, 3,5 ml"},"content":{"rendered":"<p>Sud\u0117tyje yra \u017eoleli\u0173 ekstrakt\u0173, kurie dr\u0117kina ir atkuria jautri\u0105 od\u0105 aplink akis, puikiai padengia ir efektyviai paslepia tamsius ratilus. D\u0117l mink\u0161tos tekst\u016bros ir \u0161velnios formul\u0117s sukuria ideal\u0173 aki\u0173 makia\u017eo pagrind\u0105.<\/p>\n<p>Po kiekvieno naudojimo sandariai u\u017edarykite dangtel\u012f. Jei pasikei\u010dia kvapas ar i\u0161vaizda, nebenaudokite. Tik i\u0161oriniam naudojimui. Laikyti 20\u201325 \u00b0C temperat\u016broje, toliau nuo tiesiogini\u0173 saul\u0117s spinduli\u0173. Laikyti vaikams nepasiekiamoje vietoje.<\/p>\n","protected":false},"excerpt":{"rendered":"<p>Sud\u0117tyje yra \u017eoleli\u0173 ekstrakt\u0173, kurie dr\u0117kina ir atkuria jautri\u0105 od\u0105 aplink akis, puikiai padengia ir efektyviai paslepia tamsius ratilus. D\u0117l mink\u0161tos tekst\u016bros ir \u0161velnios formul\u0117s sukuria ideal\u0173 aki\u0173 makia\u017eo pagrind\u0105. Po kiekvieno naudojimo sandariai u\u017edarykite dangtel\u012f. Jei pasikei\u010dia kvapas ar i\u0161vaizda, nebenaudokite. Tik i\u0161oriniam naudojimui. Laikyti 20\u201325 \u00b0C temperat\u016broje, toliau nuo tiesiogini\u0173 saul\u0117s spinduli\u0173. Laikyti [&#8230;]\n","protected":false},"featured_media":95290,"template":"","meta":[],"product_cat":[1490],"product_tag":[],"class_list":{"0":"post-75780","1":"product","2":"type-product","3":"status-publish","4":"has-post-thumbnail","6":"product_brand-top-face-tr-lt","7":"product_cat-korektoriai","9":"first","10":"outofstock","11":"taxable","12":"shipping-taxable","13":"product-type-simple"},"_links":{"self":[{"href":"https:\/\/e.kosmolat.eu\/lt\/wp-json\/wp\/v2\/product\/75780","targetHints":{"allow":["GET"]}}],"collection":[{"href":"https:\/\/e.kosmolat.eu\/lt\/wp-json\/wp\/v2\/product"}],"about":[{"href":"https:\/\/e.kosmolat.eu\/lt\/wp-json\/wp\/v2\/types\/product"}],"wp:featuredmedia":[{"embeddable":true,"href":"https:\/\/e.kosmolat.eu\/lt\/wp-json\/wp\/v2\/media\/95290"}],"wp:attachment":[{"href":"https:\/\/e.kosmolat.eu\/lt\/wp-json\/wp\/v2\/media?parent=75780"}],"wp:term":[{"taxonomy":"product_cat","embeddable":true,"href":"https:\/\/e.kosmolat.eu\/lt\/wp-json\/wp\/v2\/product_cat?post=75780"},{"taxonomy":"product_tag","embeddable":true,"href":"https:\/\/e.kosmolat.eu\/lt\/wp-json\/wp\/v2\/product_tag?post=75780"}],"curies":[{"name":"wp","href":"https:\/\/api.w.org\/{rel}","templated":true}]}}