{"id":75772,"date":"2025-07-18T04:09:23","date_gmt":"2025-07-18T04:09:23","guid":{"rendered":"https:\/\/e.kosmolat.eu\/product\/topface-maestro-academy-002-blush-bouquet-vaigu-sartumu-palete-8-g\/"},"modified":"2026-04-21T05:48:58","modified_gmt":"2026-04-21T05:48:58","slug":"topface-maestro-academy-002-blush-bouquet-vaigu-sartumu-palete-8-g","status":"publish","type":"product","link":"https:\/\/e.kosmolat.eu\/lt\/produktas\/topface-maestro-academy-002-blush-bouquet-vaigu-sartumu-palete-8-g\/","title":{"rendered":"TOPFACE Maestro Academy Blush Bouquet skaistal\u0173 palet\u0117 002, 8 g"},"content":{"rendered":"<p>\u0160i palet\u0117 sukurta pabr\u0117\u017eti nat\u016bral\u0173 J\u016bs\u0173 skaistal\u0105. M\u0117gaukit\u0117s nenugalimais \u0161ios palet\u0117s atspalviais, kuriuose sujungtos viza\u017eist\u0173 labiausiai pageidaujamos spalvos. Kiekvienoje palet\u0117je yra 4 ry\u0161k\u016bs atspalviai, kurie d\u0117l didelio skvaleno kiekio u\u017etikrina intensyv\u0173 dr\u0117kinim\u0105. Skvalenas: pasi\u017eymi intensyviu dr\u0117kinamuoju poveikiu, r\u016bpinasi oda ir suteikia jai spindesio.<\/p>\n","protected":false},"excerpt":{"rendered":"<p>\u0160i palet\u0117 sukurta pabr\u0117\u017eti nat\u016bral\u0173 J\u016bs\u0173 skaistal\u0105. M\u0117gaukit\u0117s nenugalimais \u0161ios palet\u0117s atspalviais, kuriuose sujungtos viza\u017eist\u0173 labiausiai pageidaujamos spalvos. Kiekvienoje palet\u0117je yra 4 ry\u0161k\u016bs atspalviai, kurie d\u0117l didelio skvaleno kiekio u\u017etikrina intensyv\u0173 dr\u0117kinim\u0105. Skvalenas: pasi\u017eymi intensyviu dr\u0117kinamuoju poveikiu, r\u016bpinasi oda ir suteikia jai spindesio.<\/p>\n","protected":false},"featured_media":94974,"template":"","meta":[],"product_cat":[1497],"product_tag":[],"class_list":{"0":"post-75772","1":"product","2":"type-product","3":"status-publish","4":"has-post-thumbnail","6":"product_brand-top-face-tr-lt","7":"product_cat-skaistalai","9":"first","10":"instock","11":"taxable","12":"shipping-taxable","13":"product-type-simple"},"_links":{"self":[{"href":"https:\/\/e.kosmolat.eu\/lt\/wp-json\/wp\/v2\/product\/75772","targetHints":{"allow":["GET"]}}],"collection":[{"href":"https:\/\/e.kosmolat.eu\/lt\/wp-json\/wp\/v2\/product"}],"about":[{"href":"https:\/\/e.kosmolat.eu\/lt\/wp-json\/wp\/v2\/types\/product"}],"wp:featuredmedia":[{"embeddable":true,"href":"https:\/\/e.kosmolat.eu\/lt\/wp-json\/wp\/v2\/media\/94974"}],"wp:attachment":[{"href":"https:\/\/e.kosmolat.eu\/lt\/wp-json\/wp\/v2\/media?parent=75772"}],"wp:term":[{"taxonomy":"product_cat","embeddable":true,"href":"https:\/\/e.kosmolat.eu\/lt\/wp-json\/wp\/v2\/product_cat?post=75772"},{"taxonomy":"product_tag","embeddable":true,"href":"https:\/\/e.kosmolat.eu\/lt\/wp-json\/wp\/v2\/product_tag?post=75772"}],"curies":[{"name":"wp","href":"https:\/\/api.w.org\/{rel}","templated":true}]}}