{"id":75764,"date":"2025-07-18T04:09:07","date_gmt":"2025-07-18T04:09:07","guid":{"rendered":"https:\/\/e.kosmolat.eu\/product\/topface-instyle-blush-on-010-vaigu-sartums-10-g\/"},"modified":"2026-04-11T18:58:41","modified_gmt":"2026-04-11T18:58:41","slug":"topface-instyle-blush-on-010-vaigu-sartums-10-g","status":"publish","type":"product","link":"https:\/\/e.kosmolat.eu\/lt\/produktas\/topface-instyle-blush-on-010-vaigu-sartums-10-g\/","title":{"rendered":"TOPFACE Instyle Blush On skaistalai 010, 10 g"},"content":{"rendered":"<p>\u201eInstyle\u201c skaistalai pad\u0117s pary\u0161kinti skruostikaulius ir suteiks jiems nat\u016bral\u0173 skaistum\u0105. Formul\u0117je esantys kamelij\u0173 ir makadamij\u0173 aliejai dr\u0117kins od\u0105.<\/p>\n","protected":false},"excerpt":{"rendered":"<p>\u201eInstyle\u201c skaistalai pad\u0117s pary\u0161kinti skruostikaulius ir suteiks jiems nat\u016bral\u0173 skaistum\u0105. Formul\u0117je esantys kamelij\u0173 ir makadamij\u0173 aliejai dr\u0117kins od\u0105.<\/p>\n","protected":false},"featured_media":94970,"template":"","meta":[],"product_cat":[1497],"product_tag":[],"class_list":{"0":"post-75764","1":"product","2":"type-product","3":"status-publish","4":"has-post-thumbnail","6":"product_brand-top-face-tr-lt","7":"product_cat-skaistalai","9":"first","10":"instock","11":"taxable","12":"shipping-taxable","13":"product-type-simple"},"_links":{"self":[{"href":"https:\/\/e.kosmolat.eu\/lt\/wp-json\/wp\/v2\/product\/75764","targetHints":{"allow":["GET"]}}],"collection":[{"href":"https:\/\/e.kosmolat.eu\/lt\/wp-json\/wp\/v2\/product"}],"about":[{"href":"https:\/\/e.kosmolat.eu\/lt\/wp-json\/wp\/v2\/types\/product"}],"wp:featuredmedia":[{"embeddable":true,"href":"https:\/\/e.kosmolat.eu\/lt\/wp-json\/wp\/v2\/media\/94970"}],"wp:attachment":[{"href":"https:\/\/e.kosmolat.eu\/lt\/wp-json\/wp\/v2\/media?parent=75764"}],"wp:term":[{"taxonomy":"product_cat","embeddable":true,"href":"https:\/\/e.kosmolat.eu\/lt\/wp-json\/wp\/v2\/product_cat?post=75764"},{"taxonomy":"product_tag","embeddable":true,"href":"https:\/\/e.kosmolat.eu\/lt\/wp-json\/wp\/v2\/product_tag?post=75764"}],"curies":[{"name":"wp","href":"https:\/\/api.w.org\/{rel}","templated":true}]}}