{"id":75732,"date":"2025-07-18T04:07:57","date_gmt":"2025-07-18T04:07:57","guid":{"rendered":"https:\/\/e.kosmolat.eu\/product\/topface-instyle-blush-on-004-vaigu-sartums-10-g\/"},"modified":"2026-04-24T05:29:43","modified_gmt":"2026-04-24T05:29:43","slug":"topface-instyle-blush-on-004-vaigu-sartums-10-g","status":"publish","type":"product","link":"https:\/\/e.kosmolat.eu\/lt\/produktas\/topface-instyle-blush-on-004-vaigu-sartums-10-g\/","title":{"rendered":"TOPFACE Instyle Blush On skaistalai 004, 10 g"},"content":{"rendered":"<p>\u201eInstyle\u201c skaistalai pad\u0117s pary\u0161kinti skruostikaulius ir suteiks jiems nat\u016bral\u0173 skaistum\u0105. Formul\u0117je esantys kamelij\u0173 ir makadamij\u0173 aliejai dr\u0117kins od\u0105.<\/p>\n","protected":false},"excerpt":{"rendered":"<p>\u201eInstyle\u201c skaistalai pad\u0117s pary\u0161kinti skruostikaulius ir suteiks jiems nat\u016bral\u0173 skaistum\u0105. Formul\u0117je esantys kamelij\u0173 ir makadamij\u0173 aliejai dr\u0117kins od\u0105.<\/p>\n","protected":false},"featured_media":94954,"template":"","meta":[],"product_cat":[1497],"product_tag":[],"class_list":{"0":"post-75732","1":"product","2":"type-product","3":"status-publish","4":"has-post-thumbnail","6":"product_brand-top-face-tr-lt","7":"product_cat-skaistalai","9":"first","10":"instock","11":"taxable","12":"shipping-taxable","13":"product-type-simple"},"_links":{"self":[{"href":"https:\/\/e.kosmolat.eu\/lt\/wp-json\/wp\/v2\/product\/75732","targetHints":{"allow":["GET"]}}],"collection":[{"href":"https:\/\/e.kosmolat.eu\/lt\/wp-json\/wp\/v2\/product"}],"about":[{"href":"https:\/\/e.kosmolat.eu\/lt\/wp-json\/wp\/v2\/types\/product"}],"wp:featuredmedia":[{"embeddable":true,"href":"https:\/\/e.kosmolat.eu\/lt\/wp-json\/wp\/v2\/media\/94954"}],"wp:attachment":[{"href":"https:\/\/e.kosmolat.eu\/lt\/wp-json\/wp\/v2\/media?parent=75732"}],"wp:term":[{"taxonomy":"product_cat","embeddable":true,"href":"https:\/\/e.kosmolat.eu\/lt\/wp-json\/wp\/v2\/product_cat?post=75732"},{"taxonomy":"product_tag","embeddable":true,"href":"https:\/\/e.kosmolat.eu\/lt\/wp-json\/wp\/v2\/product_tag?post=75732"}],"curies":[{"name":"wp","href":"https:\/\/api.w.org\/{rel}","templated":true}]}}