{"id":75692,"date":"2025-07-18T04:06:31","date_gmt":"2025-07-18T04:06:31","guid":{"rendered":"https:\/\/e.kosmolat.eu\/product\/topface-instyle-twin-blush-002-vaigu-sartums-2-toni-10-g\/"},"modified":"2026-04-22T11:46:52","modified_gmt":"2026-04-22T11:46:52","slug":"topface-instyle-twin-blush-002-vaigu-sartums-2-toni-10-g","status":"publish","type":"product","link":"https:\/\/e.kosmolat.eu\/lt\/produktas\/topface-instyle-twin-blush-002-vaigu-sartums-2-toni-10-g\/","title":{"rendered":"TOPFACE Instyle Twin Blush dvigubi skaistalai, 002, 10 g"},"content":{"rendered":"<p>Dvigubi skaistalai suteikia daugiau galimybi\u0173 derinti atspalvius, kad pary\u0161kintum\u0117te skruostikaulius ir suteiktum\u0117te spalv\u0173 makia\u017eui.<\/p>\n","protected":false},"excerpt":{"rendered":"<p>Dvigubi skaistalai suteikia daugiau galimybi\u0173 derinti atspalvius, kad pary\u0161kintum\u0117te skruostikaulius ir suteiktum\u0117te spalv\u0173 makia\u017eui.<\/p>\n","protected":false},"featured_media":94934,"template":"","meta":[],"product_cat":[2181],"product_tag":[],"class_list":{"0":"post-75692","1":"product","2":"type-product","3":"status-publish","4":"has-post-thumbnail","6":"product_brand-top-face-tr-lt","7":"product_cat-bez-kategorijas-lt","9":"first","10":"instock","11":"taxable","12":"shipping-taxable","13":"product-type-simple"},"_links":{"self":[{"href":"https:\/\/e.kosmolat.eu\/lt\/wp-json\/wp\/v2\/product\/75692","targetHints":{"allow":["GET"]}}],"collection":[{"href":"https:\/\/e.kosmolat.eu\/lt\/wp-json\/wp\/v2\/product"}],"about":[{"href":"https:\/\/e.kosmolat.eu\/lt\/wp-json\/wp\/v2\/types\/product"}],"wp:featuredmedia":[{"embeddable":true,"href":"https:\/\/e.kosmolat.eu\/lt\/wp-json\/wp\/v2\/media\/94934"}],"wp:attachment":[{"href":"https:\/\/e.kosmolat.eu\/lt\/wp-json\/wp\/v2\/media?parent=75692"}],"wp:term":[{"taxonomy":"product_cat","embeddable":true,"href":"https:\/\/e.kosmolat.eu\/lt\/wp-json\/wp\/v2\/product_cat?post=75692"},{"taxonomy":"product_tag","embeddable":true,"href":"https:\/\/e.kosmolat.eu\/lt\/wp-json\/wp\/v2\/product_tag?post=75692"}],"curies":[{"name":"wp","href":"https:\/\/api.w.org\/{rel}","templated":true}]}}