{"id":75684,"date":"2025-07-18T04:06:15","date_gmt":"2025-07-18T04:06:15","guid":{"rendered":"https:\/\/e.kosmolat.eu\/product\/topface-super-match-008-tonalais-puderis-24-h-10-g\/"},"modified":"2026-04-11T18:56:38","modified_gmt":"2026-04-11T18:56:38","slug":"topface-super-match-008-tonalais-puderis-24-h-10-g","status":"publish","type":"product","link":"https:\/\/e.kosmolat.eu\/lt\/produktas\/topface-super-match-008-tonalais-puderis-24-h-10-g\/","title":{"rendered":"TOPFACE Super Match Tonuojanti pudra 24h 008, 10 g"},"content":{"rendered":"<p>Makia\u017eo pagrindas ir pudra viename buteliuke!<br \/>\nNovatori\u0161ka formul\u0117, praturtinta hialurono r\u016bg\u0161timi ir veikliosiomis med\u017eiagomis, padeda u\u017etikrinti 24 valand\u0173 dr\u0117kinim\u0105 ir pabr\u0117\u017eia nat\u016bral\u0173 odos spindes\u012f.<br \/>\nD\u0117l sodrios, labai pigmentuotos tekst\u016bros, u\u017etikrina visi\u0161k\u0105 padengim\u0105 ir ilgai i\u0161liekant\u012f efekt\u0105, pana\u0161\u0173 \u012f makia\u017eo pagrind\u0105.<br \/>\nKontroliuoja odos atspalv\u012f; ji atrodo gaiviai ir nepriekai\u0161tingai.<\/p>\n","protected":false},"excerpt":{"rendered":"<p>Makia\u017eo pagrindas ir pudra viename buteliuke! Novatori\u0161ka formul\u0117, praturtinta hialurono r\u016bg\u0161timi ir veikliosiomis med\u017eiagomis, padeda u\u017etikrinti 24 valand\u0173 dr\u0117kinim\u0105 ir pabr\u0117\u017eia nat\u016bral\u0173 odos spindes\u012f. D\u0117l sodrios, labai pigmentuotos tekst\u016bros, u\u017etikrina visi\u0161k\u0105 padengim\u0105 ir ilgai i\u0161liekant\u012f efekt\u0105, pana\u0161\u0173 \u012f makia\u017eo pagrind\u0105. Kontroliuoja odos atspalv\u012f; ji atrodo gaiviai ir nepriekai\u0161tingai.<\/p>\n","protected":false},"featured_media":94930,"template":"","meta":[],"product_cat":[1291],"product_tag":[],"class_list":{"0":"post-75684","1":"product","2":"type-product","3":"status-publish","4":"has-post-thumbnail","6":"product_brand-top-face-tr-lt","7":"product_cat-makiazo-pagrindas","9":"first","10":"instock","11":"taxable","12":"shipping-taxable","13":"product-type-simple"},"_links":{"self":[{"href":"https:\/\/e.kosmolat.eu\/lt\/wp-json\/wp\/v2\/product\/75684","targetHints":{"allow":["GET"]}}],"collection":[{"href":"https:\/\/e.kosmolat.eu\/lt\/wp-json\/wp\/v2\/product"}],"about":[{"href":"https:\/\/e.kosmolat.eu\/lt\/wp-json\/wp\/v2\/types\/product"}],"wp:featuredmedia":[{"embeddable":true,"href":"https:\/\/e.kosmolat.eu\/lt\/wp-json\/wp\/v2\/media\/94930"}],"wp:attachment":[{"href":"https:\/\/e.kosmolat.eu\/lt\/wp-json\/wp\/v2\/media?parent=75684"}],"wp:term":[{"taxonomy":"product_cat","embeddable":true,"href":"https:\/\/e.kosmolat.eu\/lt\/wp-json\/wp\/v2\/product_cat?post=75684"},{"taxonomy":"product_tag","embeddable":true,"href":"https:\/\/e.kosmolat.eu\/lt\/wp-json\/wp\/v2\/product_tag?post=75684"}],"curies":[{"name":"wp","href":"https:\/\/api.w.org\/{rel}","templated":true}]}}