{"id":75636,"date":"2025-07-18T04:04:29","date_gmt":"2025-07-18T04:04:29","guid":{"rendered":"https:\/\/e.kosmolat.eu\/product\/topface-maestro-academy-001-mineralist-sejas-kontures-palete-3in1-8-g\/"},"modified":"2026-04-11T18:55:34","modified_gmt":"2026-04-11T18:55:34","slug":"topface-maestro-academy-001-mineralist-sejas-kontures-palete-3in1-8-g","status":"publish","type":"product","link":"https:\/\/e.kosmolat.eu\/lt\/produktas\/topface-maestro-academy-001-mineralist-sejas-kontures-palete-3in1-8-g\/","title":{"rendered":"TOPFACE Maestro Academy Mineralist kont\u016bravimo palet\u0117 veido kont\u016bravimui 3in1 001, 8 g"},"content":{"rendered":"<p>\u2022 Skulptorius<br \/>\n\u2022 \u0160vyt\u0117jimo suteikianti priemon\u0117<br \/>\n\u2022 Bronzantas<\/p>\n<p>\u201eTopface Maestro Academy Mineralist Contour\u201c palet\u0117, kurioje patogiai sujungti trys produktai: kont\u016bravimo priemon\u0117, bronzant\u0117 ir \u0161vyt\u0117jimo suteikianti priemon\u0117.<br \/>\nFormul\u0117 sukurta pabr\u0117\u017eti J\u016bs\u0173 gro\u017e\u012f. Palet\u0117 pateikiama dviej\u0173 tip\u0173: \u0161viesi\u0173 ir \u0161iltesni\u0173 atspalvi\u0173.<br \/>\nSud\u0117tyje esantis mineralinis kompleksas ir skvalanas suteikia odai lygumo ir \u0161ilto \u0161vyt\u0117jimo.<\/p>\n","protected":false},"excerpt":{"rendered":"<p>\u2022 Skulptorius \u2022 \u0160vyt\u0117jimo suteikianti priemon\u0117 \u2022 Bronzantas \u201eTopface Maestro Academy Mineralist Contour\u201c palet\u0117, kurioje patogiai sujungti trys produktai: kont\u016bravimo priemon\u0117, bronzant\u0117 ir \u0161vyt\u0117jimo suteikianti priemon\u0117. Formul\u0117 sukurta pabr\u0117\u017eti J\u016bs\u0173 gro\u017e\u012f. Palet\u0117 pateikiama dviej\u0173 tip\u0173: \u0161viesi\u0173 ir \u0161iltesni\u0173 atspalvi\u0173. Sud\u0117tyje esantis mineralinis kompleksas ir skvalanas suteikia odai lygumo ir \u0161ilto \u0161vyt\u0117jimo.<\/p>\n","protected":false},"featured_media":94906,"template":"","meta":[],"product_cat":[1490],"product_tag":[],"class_list":{"0":"post-75636","1":"product","2":"type-product","3":"status-publish","4":"has-post-thumbnail","6":"product_brand-top-face-tr-lt","7":"product_cat-korektoriai","9":"first","10":"outofstock","11":"taxable","12":"shipping-taxable","13":"product-type-simple"},"_links":{"self":[{"href":"https:\/\/e.kosmolat.eu\/lt\/wp-json\/wp\/v2\/product\/75636","targetHints":{"allow":["GET"]}}],"collection":[{"href":"https:\/\/e.kosmolat.eu\/lt\/wp-json\/wp\/v2\/product"}],"about":[{"href":"https:\/\/e.kosmolat.eu\/lt\/wp-json\/wp\/v2\/types\/product"}],"wp:featuredmedia":[{"embeddable":true,"href":"https:\/\/e.kosmolat.eu\/lt\/wp-json\/wp\/v2\/media\/94906"}],"wp:attachment":[{"href":"https:\/\/e.kosmolat.eu\/lt\/wp-json\/wp\/v2\/media?parent=75636"}],"wp:term":[{"taxonomy":"product_cat","embeddable":true,"href":"https:\/\/e.kosmolat.eu\/lt\/wp-json\/wp\/v2\/product_cat?post=75636"},{"taxonomy":"product_tag","embeddable":true,"href":"https:\/\/e.kosmolat.eu\/lt\/wp-json\/wp\/v2\/product_tag?post=75636"}],"curies":[{"name":"wp","href":"https:\/\/api.w.org\/{rel}","templated":true}]}}