{"id":75612,"date":"2025-07-18T04:03:43","date_gmt":"2025-07-18T04:03:43","guid":{"rendered":"https:\/\/e.kosmolat.eu\/product\/topface-skin-editor-010-matejoss-kompaktpud-spf-15-10-g\/"},"modified":"2026-04-11T18:55:07","modified_gmt":"2026-04-11T18:55:07","slug":"topface-skin-editor-010-matejoss-kompaktpud-spf-15-10-g","status":"publish","type":"product","link":"https:\/\/e.kosmolat.eu\/lt\/produktas\/topface-skin-editor-010-matejoss-kompaktpud-spf-15-10-g\/","title":{"rendered":"TOPFACE Skin Editor Matin\u012f efekt\u0105 suteikianti kompaktin\u0117 pudra SPF 15, 010, 10 g"},"content":{"rendered":"<p>Matin\u012f efekt\u0105 suteikianti kompaktin\u0117 pudra u\u017ebaigia makia\u017e\u0105, suteikia odai \u0161ilkin\u012f atspalv\u012f ir pary\u0161kina veido kont\u016brus. D\u0117l specialios formul\u0117s, sukurian\u010dios nat\u016bral\u0173 matin\u012f efekt\u0105, makia\u017eas i\u0161lieka gaivus ir nepriekai\u0161tingas vis\u0105 dien\u0105.<\/p>\n","protected":false},"excerpt":{"rendered":"<p>Matin\u012f efekt\u0105 suteikianti kompaktin\u0117 pudra u\u017ebaigia makia\u017e\u0105, suteikia odai \u0161ilkin\u012f atspalv\u012f ir pary\u0161kina veido kont\u016brus. D\u0117l specialios formul\u0117s, sukurian\u010dios nat\u016bral\u0173 matin\u012f efekt\u0105, makia\u017eas i\u0161lieka gaivus ir nepriekai\u0161tingas vis\u0105 dien\u0105.<\/p>\n","protected":false},"featured_media":94894,"template":"","meta":[],"product_cat":[1487],"product_tag":[],"class_list":{"0":"post-75612","1":"product","2":"type-product","3":"status-publish","4":"has-post-thumbnail","6":"product_brand-top-face-tr-lt","7":"product_cat-pudros","9":"first","10":"outofstock","11":"taxable","12":"shipping-taxable","13":"product-type-simple"},"_links":{"self":[{"href":"https:\/\/e.kosmolat.eu\/lt\/wp-json\/wp\/v2\/product\/75612","targetHints":{"allow":["GET"]}}],"collection":[{"href":"https:\/\/e.kosmolat.eu\/lt\/wp-json\/wp\/v2\/product"}],"about":[{"href":"https:\/\/e.kosmolat.eu\/lt\/wp-json\/wp\/v2\/types\/product"}],"wp:featuredmedia":[{"embeddable":true,"href":"https:\/\/e.kosmolat.eu\/lt\/wp-json\/wp\/v2\/media\/94894"}],"wp:attachment":[{"href":"https:\/\/e.kosmolat.eu\/lt\/wp-json\/wp\/v2\/media?parent=75612"}],"wp:term":[{"taxonomy":"product_cat","embeddable":true,"href":"https:\/\/e.kosmolat.eu\/lt\/wp-json\/wp\/v2\/product_cat?post=75612"},{"taxonomy":"product_tag","embeddable":true,"href":"https:\/\/e.kosmolat.eu\/lt\/wp-json\/wp\/v2\/product_tag?post=75612"}],"curies":[{"name":"wp","href":"https:\/\/api.w.org\/{rel}","templated":true}]}}