{"id":75572,"date":"2025-07-18T04:02:24","date_gmt":"2025-07-18T04:02:24","guid":{"rendered":"https:\/\/e.kosmolat.eu\/product\/topface-instyle-wd-008-puderis-sausai-un-mitrai-lietosanai-10-g\/"},"modified":"2026-04-11T18:54:03","modified_gmt":"2026-04-11T18:54:03","slug":"topface-instyle-wd-008-puderis-sausai-un-mitrai-lietosanai-10-g","status":"publish","type":"product","link":"https:\/\/e.kosmolat.eu\/lt\/produktas\/topface-instyle-wd-008-puderis-sausai-un-mitrai-lietosanai-10-g\/","title":{"rendered":"TOPFACE Instyle Wet&#038;Dry veido pudra sausam ir dr\u0117gnam naudojimui 008, 10 g"},"content":{"rendered":"<p>Pudr\u0105 galima tepti sausai arba \u0161lapiai, kad oda atrodyt\u0173 \u0161velni ir \u0161ilkin\u0117. Sud\u0117tyje esantis kamelij\u0173 aliejus dr\u0117kins od\u0105 ir pad\u0117s apsaugoti j\u0105 nuo laisv\u0173j\u0173 radikal\u0173.<\/p>\n<p>Po naudojimo kempin\u0117l\u0119 nuplaukite ir nusausinkite. Prie\u0161 laikydami j\u0105 specialiame skyriuje, \u012fsitikinkite, kad ji yra visi\u0161kai sausa.<\/p>\n","protected":false},"excerpt":{"rendered":"<p>Pudr\u0105 galima tepti sausai arba \u0161lapiai, kad oda atrodyt\u0173 \u0161velni ir \u0161ilkin\u0117. Sud\u0117tyje esantis kamelij\u0173 aliejus dr\u0117kins od\u0105 ir pad\u0117s apsaugoti j\u0105 nuo laisv\u0173j\u0173 radikal\u0173. Po naudojimo kempin\u0117l\u0119 nuplaukite ir nusausinkite. Prie\u0161 laikydami j\u0105 specialiame skyriuje, \u012fsitikinkite, kad ji yra visi\u0161kai sausa.<\/p>\n","protected":false},"featured_media":94874,"template":"","meta":[],"product_cat":[1487],"product_tag":[],"class_list":{"0":"post-75572","1":"product","2":"type-product","3":"status-publish","4":"has-post-thumbnail","6":"product_brand-top-face-tr-lt","7":"product_cat-pudros","9":"first","10":"instock","11":"taxable","12":"shipping-taxable","13":"product-type-simple"},"_links":{"self":[{"href":"https:\/\/e.kosmolat.eu\/lt\/wp-json\/wp\/v2\/product\/75572","targetHints":{"allow":["GET"]}}],"collection":[{"href":"https:\/\/e.kosmolat.eu\/lt\/wp-json\/wp\/v2\/product"}],"about":[{"href":"https:\/\/e.kosmolat.eu\/lt\/wp-json\/wp\/v2\/types\/product"}],"wp:featuredmedia":[{"embeddable":true,"href":"https:\/\/e.kosmolat.eu\/lt\/wp-json\/wp\/v2\/media\/94874"}],"wp:attachment":[{"href":"https:\/\/e.kosmolat.eu\/lt\/wp-json\/wp\/v2\/media?parent=75572"}],"wp:term":[{"taxonomy":"product_cat","embeddable":true,"href":"https:\/\/e.kosmolat.eu\/lt\/wp-json\/wp\/v2\/product_cat?post=75572"},{"taxonomy":"product_tag","embeddable":true,"href":"https:\/\/e.kosmolat.eu\/lt\/wp-json\/wp\/v2\/product_tag?post=75572"}],"curies":[{"name":"wp","href":"https:\/\/api.w.org\/{rel}","templated":true}]}}