{"id":75554,"date":"2025-07-17T04:07:25","date_gmt":"2025-07-17T04:07:25","guid":{"rendered":"https:\/\/e.kosmolat.eu\/product\/verpia-black-snail-auduma-sejas-maska-ar-ar-gliem-sekreta-filtrtu-20-ml-x-1\/"},"modified":"2025-09-23T12:52:04","modified_gmt":"2025-09-23T12:52:04","slug":"verpia-black-snail-auduma-sejas-maska-ar-ar-gliem-sekreta-filtrtu-20-ml-x-1","status":"publish","type":"product","link":"https:\/\/e.kosmolat.eu\/lt\/produktas\/verpia-black-snail-auduma-sejas-maska-ar-ar-gliem-sekreta-filtrtu-20-ml-x-1\/","title":{"rendered":"VERPIA Black Snail Lak\u0161tin\u0117 veido kauk\u0117 su sraigi\u0173 sekreto filtratu, 20 ml x 1"},"content":{"rendered":"<p>Naudojimas: Nuvalykite ir nusausinkite veido od\u0105. Atidarykite pakuot\u0119 ir \u0161velniai u\u017ed\u0117kite kauk\u0119 ant veido, vengdami srities aplink akis ir l\u016bpas. Palikite kauk\u0119 20-30 minu\u010di\u0173, tada atsargiai nuimkite. Lengvai \u012fmasa\u017euokite likusi\u0105 esencij\u0105. Kauk\u0117 skirta vienkartiniam naudojimui.<\/p>\n<p>Laikyti vaikams nepasiekiamoje vietoje, apsaugotoje nuo tiesiogini\u0173 saul\u0117s spinduli\u0173 ir \u0161ilumos \u0161altini\u0173, nuo +5 \u00b0C iki +25 \u00b0C temperat\u016broje.<\/p>\n","protected":false},"excerpt":{"rendered":"<p>Naudojimas: Nuvalykite ir nusausinkite veido od\u0105. Atidarykite pakuot\u0119 ir \u0161velniai u\u017ed\u0117kite kauk\u0119 ant veido, vengdami srities aplink akis ir l\u016bpas. Palikite kauk\u0119 20-30 minu\u010di\u0173, tada atsargiai nuimkite. Lengvai \u012fmasa\u017euokite likusi\u0105 esencij\u0105. Kauk\u0117 skirta vienkartiniam naudojimui. Laikyti vaikams nepasiekiamoje vietoje, apsaugotoje nuo tiesiogini\u0173 saul\u0117s spinduli\u0173 ir \u0161ilumos \u0161altini\u0173, nuo +5 \u00b0C iki +25 \u00b0C temperat\u016broje.<\/p>\n","protected":false},"featured_media":96266,"template":"","meta":[],"product_cat":[1369],"product_tag":[],"class_list":{"0":"post-75554","1":"product","2":"type-product","3":"status-publish","4":"has-post-thumbnail","6":"product_brand-replay_kr-lt","7":"product_cat-veido-kaukes","9":"first","10":"instock","11":"taxable","12":"shipping-taxable","13":"product-type-simple"},"_links":{"self":[{"href":"https:\/\/e.kosmolat.eu\/lt\/wp-json\/wp\/v2\/product\/75554","targetHints":{"allow":["GET"]}}],"collection":[{"href":"https:\/\/e.kosmolat.eu\/lt\/wp-json\/wp\/v2\/product"}],"about":[{"href":"https:\/\/e.kosmolat.eu\/lt\/wp-json\/wp\/v2\/types\/product"}],"wp:featuredmedia":[{"embeddable":true,"href":"https:\/\/e.kosmolat.eu\/lt\/wp-json\/wp\/v2\/media\/96266"}],"wp:attachment":[{"href":"https:\/\/e.kosmolat.eu\/lt\/wp-json\/wp\/v2\/media?parent=75554"}],"wp:term":[{"taxonomy":"product_cat","embeddable":true,"href":"https:\/\/e.kosmolat.eu\/lt\/wp-json\/wp\/v2\/product_cat?post=75554"},{"taxonomy":"product_tag","embeddable":true,"href":"https:\/\/e.kosmolat.eu\/lt\/wp-json\/wp\/v2\/product_tag?post=75554"}],"curies":[{"name":"wp","href":"https:\/\/api.w.org\/{rel}","templated":true}]}}