{"id":75530,"date":"2025-07-17T04:06:33","date_gmt":"2025-07-17T04:06:33","guid":{"rendered":"https:\/\/e.kosmolat.eu\/product\/ekel-coenzyme-q10-ipasi-mitr-auduma-sejas-maska-ar-koenzimu-q10-25-ml\/"},"modified":"2025-09-22T12:10:19","modified_gmt":"2025-09-22T12:10:19","slug":"ekel-coenzyme-q10-ipasi-mitr-auduma-sejas-maska-ar-koenzimu-q10-25-ml","status":"publish","type":"product","link":"https:\/\/e.kosmolat.eu\/lt\/produktas\/ekel-coenzyme-q10-ipasi-mitr-auduma-sejas-maska-ar-koenzimu-q10-25-ml\/","title":{"rendered":"EKEL COENZYME Q10 Lak\u0161tin\u0117 itin dr\u0117kinamoji veido kauk\u0117 su kofermentu Q10, 25 ml"},"content":{"rendered":"<p>Naudojimas: U\u017ed\u0117kite kauk\u0119 ant anks\u010diau nuvalytos veido odos. Palikite 20-30 minu\u010di\u0173, tada nuimkite kauk\u0119, o likusi\u0105 priemon\u0119 ant veido tolygiai paskirstykite per veido ir kaklo od\u0105 masa\u017eo judesiais, kol visi\u0161kai \u012fsigers. Vasar\u0105, norint suteikti gaiv\u0173 efekt\u0105, kauk\u0119 rekomenduojama atv\u0117sinti \u0161aldytuve (nei\u0161imant pakuot\u0117s). \u017diem\u0105 kauk\u0119 rekomenduojama pa\u0161ildyti kar\u0161tame vandenyje iki 50-60 laipsni\u0173 (nei\u0161imant pakuot\u0117s).<\/p>\n<p>Tik i\u0161oriniam naudojimui. Vengti patekimo \u012f akis.<\/p>\n<p>Laikyti nuo +5 \u00b0C iki +25 \u00b0C temperat\u016broje, vaikams nepasiekiamoje vietoje.<\/p>\n<p>Jei atsiranda dirginimas, nedelsiant nutraukite naudojim\u0105.<\/p>\n","protected":false},"excerpt":{"rendered":"<p>Naudojimas: U\u017ed\u0117kite kauk\u0119 ant anks\u010diau nuvalytos veido odos. Palikite 20-30 minu\u010di\u0173, tada nuimkite kauk\u0119, o likusi\u0105 priemon\u0119 ant veido tolygiai paskirstykite per veido ir kaklo od\u0105 masa\u017eo judesiais, kol visi\u0161kai \u012fsigers. Vasar\u0105, norint suteikti gaiv\u0173 efekt\u0105, kauk\u0119 rekomenduojama atv\u0117sinti \u0161aldytuve (nei\u0161imant pakuot\u0117s). \u017diem\u0105 kauk\u0119 rekomenduojama pa\u0161ildyti kar\u0161tame vandenyje iki 50-60 laipsni\u0173 (nei\u0161imant pakuot\u0117s). Tik i\u0161oriniam [&#8230;]\n","protected":false},"featured_media":96234,"template":"","meta":[],"product_cat":[1369],"product_tag":[],"class_list":{"0":"post-75530","1":"product","2":"type-product","3":"status-publish","4":"has-post-thumbnail","6":"product_brand-replay_kr-lt","7":"product_cat-veido-kaukes","9":"first","10":"instock","11":"taxable","12":"shipping-taxable","13":"product-type-simple"},"_links":{"self":[{"href":"https:\/\/e.kosmolat.eu\/lt\/wp-json\/wp\/v2\/product\/75530","targetHints":{"allow":["GET"]}}],"collection":[{"href":"https:\/\/e.kosmolat.eu\/lt\/wp-json\/wp\/v2\/product"}],"about":[{"href":"https:\/\/e.kosmolat.eu\/lt\/wp-json\/wp\/v2\/types\/product"}],"wp:featuredmedia":[{"embeddable":true,"href":"https:\/\/e.kosmolat.eu\/lt\/wp-json\/wp\/v2\/media\/96234"}],"wp:attachment":[{"href":"https:\/\/e.kosmolat.eu\/lt\/wp-json\/wp\/v2\/media?parent=75530"}],"wp:term":[{"taxonomy":"product_cat","embeddable":true,"href":"https:\/\/e.kosmolat.eu\/lt\/wp-json\/wp\/v2\/product_cat?post=75530"},{"taxonomy":"product_tag","embeddable":true,"href":"https:\/\/e.kosmolat.eu\/lt\/wp-json\/wp\/v2\/product_tag?post=75530"}],"curies":[{"name":"wp","href":"https:\/\/api.w.org\/{rel}","templated":true}]}}