{"id":75474,"date":"2025-07-17T04:04:32","date_gmt":"2025-07-17T04:04:32","guid":{"rendered":"https:\/\/e.kosmolat.eu\/product\/mill-aromatizets-demineralizets-udens-maijpukite-122-l\/"},"modified":"2026-04-08T13:46:22","modified_gmt":"2026-04-08T13:46:22","slug":"mill-aromatizets-demineralizets-udens-maijpukite-122-l","status":"publish","type":"product","link":"https:\/\/e.kosmolat.eu\/lt\/produktas\/mill-aromatizets-demineralizets-udens-maijpukite-122-l\/","title":{"rendered":"MILL CLEAN demineralizuotas vanduo su pakalnu\u010di\u0173 skoniu, 1,22 l"},"content":{"rendered":"<p>Itin grynas vanduo lygintuvams ir gar\u0173 generatoriams.<\/p>\n<p>100 % APSAUGO NUO KALK\u0172 SUSIDARYMO.<br \/>\nNaudokite: \u2022 lygintuvams su dr\u0117kintuvu, \u2022 gar\u0173 stotims, \u2022 drabu\u017ei\u0173 garintuvams, \u2022 gar\u0173 generatoriams.<\/p>\n<p>Laikyti +5\u2013+35 \u00b0C temperat\u016broje.<\/p>\n<p>Sud\u0117tis: Kvapai.<\/p>\n<p>Gali sukelti alergin\u0119 reakcij\u0105. Laikyti vaikams neprieinamoje vietoje.<\/p>\n","protected":false},"excerpt":{"rendered":"<p>Itin grynas vanduo lygintuvams ir gar\u0173 generatoriams. 100 % APSAUGO NUO KALK\u0172 SUSIDARYMO. Naudokite: \u2022 lygintuvams su dr\u0117kintuvu, \u2022 gar\u0173 stotims, \u2022 drabu\u017ei\u0173 garintuvams, \u2022 gar\u0173 generatoriams. Laikyti +5\u2013+35 \u00b0C temperat\u016broje. Sud\u0117tis: Kvapai. Gali sukelti alergin\u0119 reakcij\u0105. Laikyti vaikams neprieinamoje vietoje.<\/p>\n","protected":false},"featured_media":96138,"template":"","meta":[],"product_cat":[2181],"product_tag":[],"class_list":{"0":"post-75474","1":"product","2":"type-product","3":"status-publish","4":"has-post-thumbnail","6":"product_brand-madonis_pl-lt","7":"product_cat-bez-kategorijas-lt","9":"first","10":"instock","11":"taxable","12":"shipping-taxable","13":"product-type-simple"},"_links":{"self":[{"href":"https:\/\/e.kosmolat.eu\/lt\/wp-json\/wp\/v2\/product\/75474","targetHints":{"allow":["GET"]}}],"collection":[{"href":"https:\/\/e.kosmolat.eu\/lt\/wp-json\/wp\/v2\/product"}],"about":[{"href":"https:\/\/e.kosmolat.eu\/lt\/wp-json\/wp\/v2\/types\/product"}],"wp:featuredmedia":[{"embeddable":true,"href":"https:\/\/e.kosmolat.eu\/lt\/wp-json\/wp\/v2\/media\/96138"}],"wp:attachment":[{"href":"https:\/\/e.kosmolat.eu\/lt\/wp-json\/wp\/v2\/media?parent=75474"}],"wp:term":[{"taxonomy":"product_cat","embeddable":true,"href":"https:\/\/e.kosmolat.eu\/lt\/wp-json\/wp\/v2\/product_cat?post=75474"},{"taxonomy":"product_tag","embeddable":true,"href":"https:\/\/e.kosmolat.eu\/lt\/wp-json\/wp\/v2\/product_tag?post=75474"}],"curies":[{"name":"wp","href":"https:\/\/api.w.org\/{rel}","templated":true}]}}