{"id":75466,"date":"2025-07-17T04:04:16","date_gmt":"2025-07-17T04:04:16","guid":{"rendered":"https:\/\/e.kosmolat.eu\/product\/mill-clean-demineralizets-udens-1-22-l\/"},"modified":"2026-04-09T08:43:26","modified_gmt":"2026-04-09T08:43:26","slug":"mill-clean-demineralizets-udens-1-22-l","status":"publish","type":"product","link":"https:\/\/e.kosmolat.eu\/lt\/produktas\/mill-clean-demineralizets-udens-1-22-l\/","title":{"rendered":"MILL CLEAN demineralizuotas vanduo, 1,22 l"},"content":{"rendered":"<p>Itin grynas vanduo lygintuvams, gar\u0173 generatoriams, oro dr\u0117kintuvams.<\/p>\n<p>100 % APSAUGO NUOKALK\u0172 SUSIDARYMO.<\/p>\n<p>Naudojamas:<br \/>\n\u2022 lygintuvams su dr\u0117kintuvais, \u2022 gar\u0173 stotims, \u2022 drabu\u017ei\u0173 garintuvams, \u2022 gar\u0173 generatoriams, \u2022 nam\u0173 kosmetikai, \u2022 vandens pagrindo da\u017eams, \u2022 baterijoms, \u2022 automobili\u0173 radiatoriams, \u2022 gar\u0173 sterilizatoriams.<\/p>\n<p>Laikyti nuo +5 iki +35 \u00b0C temperat\u016broje.<\/p>\n<p>Sud\u0117tis: Konservantai: Methylchloroisothiazolinone\/ Methylisothiazolinone.<\/p>\n<p>EUH208 Sud\u0117tyje yra: 5-chlor-2-metil-2H-izotiazol-3- ono ir 2-metil-2H-izotiazol-3-ono reakcijos mas\u0117 (3:1). Gali sukelti alergin\u0119 reakcij\u0105.<br \/>\nP102 Laikyti vaikams neprieinamoje vietoje<\/p>\n","protected":false},"excerpt":{"rendered":"<p>Itin grynas vanduo lygintuvams, gar\u0173 generatoriams, oro dr\u0117kintuvams. 100 % APSAUGO NUOKALK\u0172 SUSIDARYMO. Naudojamas: \u2022 lygintuvams su dr\u0117kintuvais, \u2022 gar\u0173 stotims, \u2022 drabu\u017ei\u0173 garintuvams, \u2022 gar\u0173 generatoriams, \u2022 nam\u0173 kosmetikai, \u2022 vandens pagrindo da\u017eams, \u2022 baterijoms, \u2022 automobili\u0173 radiatoriams, \u2022 gar\u0173 sterilizatoriams. Laikyti nuo +5 iki +35 \u00b0C temperat\u016broje. Sud\u0117tis: Konservantai: Methylchloroisothiazolinone\/ Methylisothiazolinone. EUH208 Sud\u0117tyje [&#8230;]\n","protected":false},"featured_media":96134,"template":"","meta":[],"product_cat":[2181],"product_tag":[],"class_list":{"0":"post-75466","1":"product","2":"type-product","3":"status-publish","4":"has-post-thumbnail","6":"product_brand-madonis_pl-lt","7":"product_cat-bez-kategorijas-lt","9":"first","10":"outofstock","11":"taxable","12":"shipping-taxable","13":"product-type-simple"},"_links":{"self":[{"href":"https:\/\/e.kosmolat.eu\/lt\/wp-json\/wp\/v2\/product\/75466","targetHints":{"allow":["GET"]}}],"collection":[{"href":"https:\/\/e.kosmolat.eu\/lt\/wp-json\/wp\/v2\/product"}],"about":[{"href":"https:\/\/e.kosmolat.eu\/lt\/wp-json\/wp\/v2\/types\/product"}],"wp:featuredmedia":[{"embeddable":true,"href":"https:\/\/e.kosmolat.eu\/lt\/wp-json\/wp\/v2\/media\/96134"}],"wp:attachment":[{"href":"https:\/\/e.kosmolat.eu\/lt\/wp-json\/wp\/v2\/media?parent=75466"}],"wp:term":[{"taxonomy":"product_cat","embeddable":true,"href":"https:\/\/e.kosmolat.eu\/lt\/wp-json\/wp\/v2\/product_cat?post=75466"},{"taxonomy":"product_tag","embeddable":true,"href":"https:\/\/e.kosmolat.eu\/lt\/wp-json\/wp\/v2\/product_tag?post=75466"}],"curies":[{"name":"wp","href":"https:\/\/api.w.org\/{rel}","templated":true}]}}