{"id":75458,"date":"2025-07-17T04:04:00","date_gmt":"2025-07-17T04:04:00","guid":{"rendered":"https:\/\/e.kosmolat.eu\/product\/topface-instyle-birstosais-puderis-104-10-g\/"},"modified":"2026-04-11T19:32:23","modified_gmt":"2026-04-11T19:32:23","slug":"topface-instyle-birstosais-puderis-104-10-g","status":"publish","type":"product","link":"https:\/\/e.kosmolat.eu\/lt\/produktas\/topface-instyle-birstosais-puderis-104-10-g\/","title":{"rendered":"TOPFACE Instyle biri pudra 104, 10 g"},"content":{"rendered":"<p>\u0160ios birios pudros dalel\u0117s ir tekst\u016bra puikiai u\u017ebaigs j\u016bs\u0173 makia\u017e\u0105. Tepkite tinkamu \u0161epet\u0117liu arba kempin\u0117le.<\/p>\n","protected":false},"excerpt":{"rendered":"<p>\u0160ios birios pudros dalel\u0117s ir tekst\u016bra puikiai u\u017ebaigs j\u016bs\u0173 makia\u017e\u0105. Tepkite tinkamu \u0161epet\u0117liu arba kempin\u0117le.<\/p>\n","protected":false},"featured_media":95258,"template":"","meta":[],"product_cat":[1487],"product_tag":[],"class_list":{"0":"post-75458","1":"product","2":"type-product","3":"status-publish","4":"has-post-thumbnail","6":"product_brand-top-face-tr-lt","7":"product_cat-pudros","9":"first","10":"instock","11":"taxable","12":"shipping-taxable","13":"product-type-simple"},"_links":{"self":[{"href":"https:\/\/e.kosmolat.eu\/lt\/wp-json\/wp\/v2\/product\/75458","targetHints":{"allow":["GET"]}}],"collection":[{"href":"https:\/\/e.kosmolat.eu\/lt\/wp-json\/wp\/v2\/product"}],"about":[{"href":"https:\/\/e.kosmolat.eu\/lt\/wp-json\/wp\/v2\/types\/product"}],"wp:featuredmedia":[{"embeddable":true,"href":"https:\/\/e.kosmolat.eu\/lt\/wp-json\/wp\/v2\/media\/95258"}],"wp:attachment":[{"href":"https:\/\/e.kosmolat.eu\/lt\/wp-json\/wp\/v2\/media?parent=75458"}],"wp:term":[{"taxonomy":"product_cat","embeddable":true,"href":"https:\/\/e.kosmolat.eu\/lt\/wp-json\/wp\/v2\/product_cat?post=75458"},{"taxonomy":"product_tag","embeddable":true,"href":"https:\/\/e.kosmolat.eu\/lt\/wp-json\/wp\/v2\/product_tag?post=75458"}],"curies":[{"name":"wp","href":"https:\/\/api.w.org\/{rel}","templated":true}]}}